{"id":11575,"date":"2018-01-15T12:11:11","date_gmt":"2018-01-15T15:11:11","guid":{"rendered":"http:\/\/www.rubendario.cl\/sitio\/?page_id=11575"},"modified":"2018-01-17T18:43:55","modified_gmt":"2018-01-17T21:43:55","slug":"lista-de-utiles-escolares-2018","status":"publish","type":"page","link":"https:\/\/www.rubendario.cl\/sitio\/lista-de-utiles-escolares-2018\/","title":{"rendered":"Lista de \u00datiles Escolares 2018"},"content":{"rendered":"<div align=\"center\">\n<p style=\"text-align: left;\">Compartimos con toda nuestra comunidad la <strong>Lista de \u00datiles Escolares 2018.\u00a0<\/strong><\/p>\n<p style=\"text-align: left;\">Deseamos\u00a0se\u00f1alar que nuestro colegio no recomienda ni promociona marcas comerciales de ning\u00fan tipo, y cualquier menci\u00f3n no es m\u00e1s que una referencia; con todo, agradeceremos tener en cuenta la compra de materiales t\u00e9cnicamente seguros, tanto en la calidad de su fabricaci\u00f3n como en su dise\u00f1o, para la seguridad y bienestar de nuestros alumnos.<\/p>\n<table border=\"0\" width=\"550\" cellspacing=\"0\" cellpadding=\"0\">\n<tbody>\n<tr>\n<td><span style=\"font-size: 10pt; color: #333399;\"><strong>Lista de \u00datiles 2018 &#8211; PreKinder<\/strong><\/span><\/td>\n<td width=\"10\"><\/td>\n<td width=\"200\"><a href=\"http:\/\/www.rubendario.cl\/sitio\/wp-content\/uploads\/2018\/01\/v2-001-Utiles-Escolares-2018_Prekinder.pdf\"><img loading=\"lazy\" decoding=\"async\" class=\"alignnone\" src=\"http:\/\/www.rubendario.cl\/sitio\/wp-content\/uploads\/2014\/11\/descargaraqui1.jpg\" alt=\"\" width=\"200\" height=\"85\" border=\"0\" \/><\/a><\/td>\n<\/tr>\n<tr>\n<td><span style=\"font-size: 10pt; color: #1b4bab;\"><strong>Lista de \u00datiles 2018 &#8211; Kinder<\/strong><\/span><\/td>\n<td width=\"10\"><\/td>\n<td width=\"200\"><a href=\"http:\/\/www.rubendario.cl\/sitio\/wp-content\/uploads\/2018\/01\/v2-002-Utiles-Escolares-2018_Kinder.pdf\"><img loading=\"lazy\" decoding=\"async\" class=\"alignnone\" src=\"http:\/\/www.rubendario.cl\/sitio\/wp-content\/uploads\/2014\/11\/descargaraqui1.jpg\" alt=\"\" width=\"200\" height=\"85\" border=\"0\" \/><\/a><\/td>\n<\/tr>\n<tr>\n<td><span style=\"font-size: 10pt; color: #1b4bab;\"><strong>Lista de \u00datiles 2018 &#8211; Primero B\u00e1sico<\/strong><\/span><\/td>\n<td width=\"10\"><\/td>\n<td width=\"200\"><a href=\"http:\/\/www.rubendario.cl\/sitio\/wp-content\/uploads\/2018\/01\/v2-003-Utiles-Escolares-2018_Primero-B\u00e1sico.pdf\"><img loading=\"lazy\" decoding=\"async\" class=\"alignnone\" src=\"http:\/\/www.rubendario.cl\/sitio\/wp-content\/uploads\/2014\/11\/descargaraqui1.jpg\" alt=\"\" width=\"200\" height=\"85\" border=\"0\" \/><\/a><\/td>\n<\/tr>\n<tr>\n<td><span style=\"font-size: 10pt; color: #1b4bab;\"><strong>Lista de \u00datiles 2018 &#8211; Segundo B\u00e1sico<\/strong><\/span><\/td>\n<td width=\"10\"><\/td>\n<td width=\"200\"><a href=\"http:\/\/www.rubendario.cl\/sitio\/wp-content\/uploads\/2018\/01\/v2-004-Utiles-Escolares-2018_Segundo-B\u00e1sico.pdf\"><img loading=\"lazy\" decoding=\"async\" class=\"alignnone\" src=\"http:\/\/www.rubendario.cl\/sitio\/wp-content\/uploads\/2014\/11\/descargaraqui1.jpg\" alt=\"\" width=\"200\" height=\"85\" border=\"0\" \/><\/a><\/td>\n<\/tr>\n<tr>\n<td><span style=\"font-size: 10pt; color: #1b4bab;\"><strong>Lista de \u00datiles 2018 &#8211; Tercero B\u00e1sico<\/strong><\/span><\/td>\n<td width=\"10\"><\/td>\n<td width=\"200\"><a href=\"http:\/\/www.rubendario.cl\/sitio\/wp-content\/uploads\/2018\/01\/v2-005-Utiles-Escolares-2018_Tercero-B\u00e1sico.pdf\"><img loading=\"lazy\" decoding=\"async\" class=\"alignnone\" src=\"http:\/\/www.rubendario.cl\/sitio\/wp-content\/uploads\/2014\/11\/descargaraqui1.jpg\" alt=\"\" width=\"200\" height=\"85\" border=\"0\" \/><\/a><\/td>\n<\/tr>\n<tr>\n<td><span style=\"font-size: 10pt; color: #1b4bab;\"><strong>Lista de \u00datiles 2018 &#8211; Cuarto B\u00e1sico<\/strong><\/span><\/td>\n<td width=\"10\"><\/td>\n<td width=\"200\"><a href=\"http:\/\/www.rubendario.cl\/sitio\/wp-content\/uploads\/2018\/01\/v2-006-Utiles-Escolares-2018_Cuarto-B\u00e1sico.pdf\"><img loading=\"lazy\" decoding=\"async\" class=\"alignnone\" src=\"http:\/\/www.rubendario.cl\/sitio\/wp-content\/uploads\/2014\/11\/descargaraqui1.jpg\" alt=\"\" width=\"200\" height=\"85\" border=\"0\" \/><\/a><\/td>\n<\/tr>\n<tr>\n<td><span style=\"font-size: 10pt; color: #1b4bab;\"><strong>Lista de \u00datiles 2018 &#8211; Quinto B\u00e1sico<\/strong><\/span><\/td>\n<td width=\"10\"><\/td>\n<td width=\"200\"><a href=\"http:\/\/www.rubendario.cl\/sitio\/wp-content\/uploads\/2018\/01\/v2-007-Utiles-Escolares-2018_Quinto-B\u00e1sico.pdf\"><img loading=\"lazy\" decoding=\"async\" class=\"alignnone\" src=\"http:\/\/www.rubendario.cl\/sitio\/wp-content\/uploads\/2014\/11\/descargaraqui1.jpg\" alt=\"\" width=\"200\" height=\"85\" border=\"0\" \/><\/a><\/td>\n<\/tr>\n<tr>\n<td><span style=\"font-size: 10pt; color: #1b4bab;\"><strong>Lista de \u00datiles 2018 &#8211; Sexto B\u00e1sico<\/strong><\/span><\/td>\n<td width=\"10\"><\/td>\n<td width=\"200\"><a href=\"http:\/\/www.rubendario.cl\/sitio\/wp-content\/uploads\/2018\/01\/v2-008-Utiles-Escolares-2018_Sexto-B\u00e1sico.pdf\"><img loading=\"lazy\" decoding=\"async\" class=\"alignnone\" src=\"http:\/\/www.rubendario.cl\/sitio\/wp-content\/uploads\/2014\/11\/descargaraqui1.jpg\" alt=\"\" width=\"200\" height=\"85\" border=\"0\" \/><\/a><\/td>\n<\/tr>\n<tr>\n<td><span style=\"font-size: 10pt; color: #1b4bab;\"><strong>Lista de \u00datiles 2018 &#8211; S\u00e9ptimo B\u00e1sico<\/strong><\/span><\/td>\n<td width=\"10\"><\/td>\n<td width=\"200\"><a href=\"http:\/\/www.rubendario.cl\/sitio\/wp-content\/uploads\/2018\/01\/v2-009-Utiles-Escolares-2018_S\u00e9ptimo-B\u00e1sico.pdf\"><img loading=\"lazy\" decoding=\"async\" class=\"alignnone\" src=\"http:\/\/www.rubendario.cl\/sitio\/wp-content\/uploads\/2014\/11\/descargaraqui1.jpg\" alt=\"\" width=\"200\" height=\"85\" border=\"0\" \/><\/a><\/td>\n<\/tr>\n<tr>\n<td><span style=\"font-size: 10pt; color: #1b4bab;\"><strong>Lista de \u00datiles 2018 &#8211; Octavo B\u00e1sico<\/strong><br \/>\n<\/span><\/td>\n<td width=\"10\"><\/td>\n<td width=\"200\"><a href=\"http:\/\/www.rubendario.cl\/sitio\/wp-content\/uploads\/2018\/01\/v2-010-Utiles-Escolares-2018_Octavo-B\u00e1sico.pdf\"><img loading=\"lazy\" decoding=\"async\" class=\"alignnone\" src=\"http:\/\/www.rubendario.cl\/sitio\/wp-content\/uploads\/2014\/11\/descargaraqui1.jpg\" alt=\"\" width=\"200\" height=\"85\" border=\"0\" \/><\/a><\/td>\n<\/tr>\n<tr>\n<td><span style=\"font-size: 10pt; color: #1b4bab;\"><strong>Lista de \u00datiles 2018 &#8211; Primero Medio<\/strong><\/span><\/td>\n<td width=\"10\"><\/td>\n<td width=\"200\"><a href=\"http:\/\/www.rubendario.cl\/sitio\/wp-content\/uploads\/2018\/01\/v2-011-Utiles-Escolares-2018_Primero-Medio.pdf\"><img loading=\"lazy\" decoding=\"async\" class=\"alignnone\" src=\"http:\/\/www.rubendario.cl\/sitio\/wp-content\/uploads\/2014\/11\/descargaraqui1.jpg\" alt=\"\" width=\"200\" height=\"85\" border=\"0\" \/><\/a><\/td>\n<\/tr>\n<tr>\n<td><span style=\"font-size: 10pt; color: #1b4bab;\"><strong>Lista de \u00datiles 2018 &#8211; Segundo Medio<\/strong><\/span><\/td>\n<td width=\"10\"><\/td>\n<td width=\"200\"><a href=\"http:\/\/www.rubendario.cl\/sitio\/wp-content\/uploads\/2018\/01\/v2-012-Utiles-Escolares-2018_Segundo-Medio.pdf\"><img loading=\"lazy\" decoding=\"async\" class=\"alignnone\" src=\"http:\/\/www.rubendario.cl\/sitio\/wp-content\/uploads\/2014\/11\/descargaraqui1.jpg\" alt=\"\" width=\"200\" height=\"85\" border=\"0\" \/><\/a><\/td>\n<\/tr>\n<tr>\n<td><span style=\"font-size: 10pt; color: #1b4bab;\"><strong>Lista de \u00datiles 2018 &#8211; Tercero Medio<\/strong><\/span><\/td>\n<td width=\"10\"><\/td>\n<td width=\"200\"><a href=\"http:\/\/www.rubendario.cl\/sitio\/wp-content\/uploads\/2018\/01\/v2-013-Utiles-Escolares-2018_Tercero-Medio.pdf\"><img loading=\"lazy\" decoding=\"async\" class=\"alignnone\" src=\"http:\/\/www.rubendario.cl\/sitio\/wp-content\/uploads\/2014\/11\/descargaraqui1.jpg\" alt=\"\" width=\"200\" height=\"85\" border=\"0\" \/><\/a><\/td>\n<\/tr>\n<tr>\n<td><span style=\"font-size: 10pt; color: #1b4bab;\"><strong>Lista de \u00datiles 2018 &#8211; Cuarto Medio<\/strong><\/span><\/td>\n<td width=\"10\"><\/td>\n<td width=\"200\"><a href=\"http:\/\/www.rubendario.cl\/sitio\/wp-content\/uploads\/2018\/01\/v2-014-Utiles-Escolares-2018_Cuarto-Medio.pdf\"><img loading=\"lazy\" decoding=\"async\" class=\"alignnone\" src=\"http:\/\/www.rubendario.cl\/sitio\/wp-content\/uploads\/2014\/11\/descargaraqui1.jpg\" alt=\"\" width=\"200\" height=\"85\" border=\"0\" \/><\/a><\/td>\n<\/tr>\n<\/tbody>\n<\/table>\n<p><span style=\"color: #ff0000;\">Listas Actualizadas: 17\/01\/2017 &#8211; 18:41<\/span><\/p>\n<\/div>\n","protected":false},"excerpt":{"rendered":"<p>Compartimos con toda nuestra comunidad la Lista de \u00datiles Escolares 2018.\u00a0 Deseamos\u00a0se\u00f1alar que nuestro colegio no recomienda ni promociona marcas comerciales de ning\u00fan tipo, y cualquier menci\u00f3n no es m\u00e1s que una referencia; con todo, agradeceremos tener en cuenta la compra de materiales t\u00e9cnicamente seguros, tanto en la calidad de su fabricaci\u00f3n como en su &hellip;<\/p>\n","protected":false},"author":1,"featured_media":11576,"parent":0,"menu_order":0,"comment_status":"closed","ping_status":"closed","template":"","meta":{"footnotes":""},"class_list":["post-11575","page","type-page","status-publish","has-post-thumbnail",""],"publishpress_future_action":{"enabled":false,"date":"2026-05-11 13:28:32","action":"change-status","newStatus":"draft","terms":[],"taxonomy":"","extraData":[]},"publishpress_future_workflow_manual_trigger":{"enabledWorkflows":[]},"_links":{"self":[{"href":"https:\/\/www.rubendario.cl\/sitio\/wp-json\/wp\/v2\/pages\/11575","targetHints":{"allow":["GET"]}}],"collection":[{"href":"https:\/\/www.rubendario.cl\/sitio\/wp-json\/wp\/v2\/pages"}],"about":[{"href":"https:\/\/www.rubendario.cl\/sitio\/wp-json\/wp\/v2\/types\/page"}],"author":[{"embeddable":true,"href":"https:\/\/www.rubendario.cl\/sitio\/wp-json\/wp\/v2\/users\/1"}],"replies":[{"embeddable":true,"href":"https:\/\/www.rubendario.cl\/sitio\/wp-json\/wp\/v2\/comments?post=11575"}],"version-history":[{"count":0,"href":"https:\/\/www.rubendario.cl\/sitio\/wp-json\/wp\/v2\/pages\/11575\/revisions"}],"wp:featuredmedia":[{"embeddable":true,"href":"https:\/\/www.rubendario.cl\/sitio\/wp-json\/wp\/v2\/media\/11576"}],"wp:attachment":[{"href":"https:\/\/www.rubendario.cl\/sitio\/wp-json\/wp\/v2\/media?parent=11575"}],"curies":[{"name":"wp","href":"https:\/\/api.w.org\/{rel}","templated":true}]}}