{"id":1722,"date":"2013-07-23T03:26:44","date_gmt":"2013-07-23T07:26:44","guid":{"rendered":"http:\/\/www.rubendario.cl\/sitio\/?page_id=1722"},"modified":"2013-07-23T03:27:00","modified_gmt":"2013-07-23T07:27:00","slug":"convivencia-escolar","status":"publish","type":"page","link":"https:\/\/www.rubendario.cl\/sitio\/convivencia-escolar\/","title":{"rendered":"Convivencia Escolar"},"content":{"rendered":"<p>La importancia que reviste la sana convivencia, el respeto, la tolerancia, la solidaridad, por nombrar algunos valores y principios, resulta de vital importancia para el logro de los mejores aprendizajes, por esta raz\u00f3n programamos el D\u00eda de la Convivencia Escolar, el 19 de abril, con actividades de reflexi\u00f3n, confecci\u00f3n de dec\u00e1logos y expresiones musicales.<\/p>\n<div id='gallery-1' class='gallery galleryid-1722 gallery-columns-3 gallery-size-thumbnail'><figure class='gallery-item'>\n\t\t\t<div class='gallery-icon portrait'>\n\t\t\t\t<a href='https:\/\/www.rubendario.cl\/sitio\/convivencia-escolar\/img_1277\/'><img loading=\"lazy\" decoding=\"async\" width=\"150\" height=\"150\" src=\"https:\/\/www.rubendario.cl\/sitio\/wp-content\/uploads\/2013\/07\/IMG_1277-150x150.jpg\" class=\"attachment-thumbnail size-thumbnail\" alt=\"\" \/><\/a>\n\t\t\t<\/div><\/figure><figure class='gallery-item'>\n\t\t\t<div class='gallery-icon portrait'>\n\t\t\t\t<a href='https:\/\/www.rubendario.cl\/sitio\/convivencia-escolar\/img_1278\/'><img loading=\"lazy\" decoding=\"async\" width=\"150\" height=\"150\" src=\"https:\/\/www.rubendario.cl\/sitio\/wp-content\/uploads\/2013\/07\/IMG_1278-150x150.jpg\" class=\"attachment-thumbnail size-thumbnail\" alt=\"\" \/><\/a>\n\t\t\t<\/div><\/figure><figure class='gallery-item'>\n\t\t\t<div class='gallery-icon portrait'>\n\t\t\t\t<a href='https:\/\/www.rubendario.cl\/sitio\/convivencia-escolar\/img_1279\/'><img loading=\"lazy\" decoding=\"async\" width=\"150\" height=\"150\" src=\"https:\/\/www.rubendario.cl\/sitio\/wp-content\/uploads\/2013\/07\/IMG_1279-150x150.jpg\" class=\"attachment-thumbnail size-thumbnail\" alt=\"\" \/><\/a>\n\t\t\t<\/div><\/figure><figure class='gallery-item'>\n\t\t\t<div class='gallery-icon portrait'>\n\t\t\t\t<a href='https:\/\/www.rubendario.cl\/sitio\/convivencia-escolar\/img_1280\/'><img loading=\"lazy\" decoding=\"async\" width=\"150\" height=\"150\" src=\"https:\/\/www.rubendario.cl\/sitio\/wp-content\/uploads\/2013\/07\/IMG_1280-150x150.jpg\" class=\"attachment-thumbnail size-thumbnail\" alt=\"\" \/><\/a>\n\t\t\t<\/div><\/figure><figure class='gallery-item'>\n\t\t\t<div class='gallery-icon portrait'>\n\t\t\t\t<a href='https:\/\/www.rubendario.cl\/sitio\/convivencia-escolar\/img_1281\/'><img loading=\"lazy\" decoding=\"async\" width=\"150\" height=\"150\" src=\"https:\/\/www.rubendario.cl\/sitio\/wp-content\/uploads\/2013\/07\/IMG_1281-150x150.jpg\" class=\"attachment-thumbnail size-thumbnail\" alt=\"\" \/><\/a>\n\t\t\t<\/div><\/figure><figure class='gallery-item'>\n\t\t\t<div class='gallery-icon portrait'>\n\t\t\t\t<a href='https:\/\/www.rubendario.cl\/sitio\/convivencia-escolar\/img_1282\/'><img loading=\"lazy\" decoding=\"async\" width=\"150\" height=\"150\" src=\"https:\/\/www.rubendario.cl\/sitio\/wp-content\/uploads\/2013\/07\/IMG_1282-150x150.jpg\" class=\"attachment-thumbnail size-thumbnail\" alt=\"\" \/><\/a>\n\t\t\t<\/div><\/figure><figure class='gallery-item'>\n\t\t\t<div class='gallery-icon portrait'>\n\t\t\t\t<a href='https:\/\/www.rubendario.cl\/sitio\/convivencia-escolar\/img_1283\/'><img loading=\"lazy\" decoding=\"async\" width=\"150\" height=\"150\" src=\"https:\/\/www.rubendario.cl\/sitio\/wp-content\/uploads\/2013\/07\/IMG_1283-150x150.jpg\" class=\"attachment-thumbnail size-thumbnail\" alt=\"\" \/><\/a>\n\t\t\t<\/div><\/figure><figure class='gallery-item'>\n\t\t\t<div class='gallery-icon portrait'>\n\t\t\t\t<a href='https:\/\/www.rubendario.cl\/sitio\/convivencia-escolar\/img_1284\/'><img loading=\"lazy\" decoding=\"async\" width=\"150\" height=\"150\" src=\"https:\/\/www.rubendario.cl\/sitio\/wp-content\/uploads\/2013\/07\/IMG_1284-150x150.jpg\" class=\"attachment-thumbnail size-thumbnail\" alt=\"\" \/><\/a>\n\t\t\t<\/div><\/figure><figure class='gallery-item'>\n\t\t\t<div class='gallery-icon portrait'>\n\t\t\t\t<a href='https:\/\/www.rubendario.cl\/sitio\/convivencia-escolar\/img_1285\/'><img loading=\"lazy\" decoding=\"async\" width=\"150\" height=\"150\" src=\"https:\/\/www.rubendario.cl\/sitio\/wp-content\/uploads\/2013\/07\/IMG_1285-150x150.jpg\" class=\"attachment-thumbnail size-thumbnail\" alt=\"\" \/><\/a>\n\t\t\t<\/div><\/figure><figure class='gallery-item'>\n\t\t\t<div class='gallery-icon portrait'>\n\t\t\t\t<a href='https:\/\/www.rubendario.cl\/sitio\/convivencia-escolar\/img_1286\/'><img loading=\"lazy\" decoding=\"async\" width=\"150\" height=\"150\" src=\"https:\/\/www.rubendario.cl\/sitio\/wp-content\/uploads\/2013\/07\/IMG_1286-150x150.jpg\" class=\"attachment-thumbnail size-thumbnail\" alt=\"\" \/><\/a>\n\t\t\t<\/div><\/figure><figure class='gallery-item'>\n\t\t\t<div class='gallery-icon portrait'>\n\t\t\t\t<a href='https:\/\/www.rubendario.cl\/sitio\/convivencia-escolar\/img_1287\/'><img loading=\"lazy\" decoding=\"async\" width=\"150\" height=\"150\" src=\"https:\/\/www.rubendario.cl\/sitio\/wp-content\/uploads\/2013\/07\/IMG_1287-150x150.jpg\" class=\"attachment-thumbnail size-thumbnail\" alt=\"\" \/><\/a>\n\t\t\t<\/div><\/figure><figure class='gallery-item'>\n\t\t\t<div class='gallery-icon portrait'>\n\t\t\t\t<a href='https:\/\/www.rubendario.cl\/sitio\/convivencia-escolar\/img_1288\/'><img loading=\"lazy\" decoding=\"async\" width=\"150\" height=\"150\" src=\"https:\/\/www.rubendario.cl\/sitio\/wp-content\/uploads\/2013\/07\/IMG_1288-150x150.jpg\" class=\"attachment-thumbnail size-thumbnail\" alt=\"\" \/><\/a>\n\t\t\t<\/div><\/figure>\n\t\t<\/div>\n\n","protected":false},"excerpt":{"rendered":"<p>La importancia que reviste la sana convivencia, el respeto, la tolerancia, la solidaridad, por nombrar algunos valores y principios, resulta de vital importancia para el logro de los mejores aprendizajes, por esta raz\u00f3n programamos el D\u00eda de la Convivencia Escolar, el 19 de abril, con actividades de reflexi\u00f3n, confecci\u00f3n de dec\u00e1logos y expresiones musicales.<\/p>\n","protected":false},"author":1,"featured_media":0,"parent":0,"menu_order":0,"comment_status":"closed","ping_status":"open","template":"","meta":{"footnotes":""},"class_list":["post-1722","page","type-page","status-publish",""],"publishpress_future_action":{"enabled":false,"date":"2026-05-11 14:34:21","action":"change-status","newStatus":"draft","terms":[],"taxonomy":"","extraData":[]},"publishpress_future_workflow_manual_trigger":{"enabledWorkflows":[]},"_links":{"self":[{"href":"https:\/\/www.rubendario.cl\/sitio\/wp-json\/wp\/v2\/pages\/1722","targetHints":{"allow":["GET"]}}],"collection":[{"href":"https:\/\/www.rubendario.cl\/sitio\/wp-json\/wp\/v2\/pages"}],"about":[{"href":"https:\/\/www.rubendario.cl\/sitio\/wp-json\/wp\/v2\/types\/page"}],"author":[{"embeddable":true,"href":"https:\/\/www.rubendario.cl\/sitio\/wp-json\/wp\/v2\/users\/1"}],"replies":[{"embeddable":true,"href":"https:\/\/www.rubendario.cl\/sitio\/wp-json\/wp\/v2\/comments?post=1722"}],"version-history":[{"count":0,"href":"https:\/\/www.rubendario.cl\/sitio\/wp-json\/wp\/v2\/pages\/1722\/revisions"}],"wp:attachment":[{"href":"https:\/\/www.rubendario.cl\/sitio\/wp-json\/wp\/v2\/media?parent=1722"}],"curies":[{"name":"wp","href":"https:\/\/api.w.org\/{rel}","templated":true}]}}