{"id":1844,"date":"2013-08-30T20:45:48","date_gmt":"2013-08-31T00:45:48","guid":{"rendered":"http:\/\/www.rubendario.cl\/sitio\/?page_id=1844"},"modified":"2013-08-30T20:53:56","modified_gmt":"2013-08-31T00:53:56","slug":"bailandocueca","status":"publish","type":"page","link":"https:\/\/www.rubendario.cl\/sitio\/bailandocueca\/","title":{"rendered":"Este 18, bailamos cueca"},"content":{"rendered":"<p style=\"text-align: center;\"><iframe loading=\"lazy\" src=\"\/\/www.youtube.com\/embed\/QmgEKVwbWlI\" frameborder=\"0\" width=\"620\" height=\"465\"><\/iframe><\/p>\n<p><img loading=\"lazy\" decoding=\"async\" class=\"size-full wp-image-1849 alignleft\" src=\"http:\/\/www.rubendario.cl\/sitio\/wp-content\/uploads\/2013\/08\/cueca01.jpg\" alt=\"\" width=\"350\" height=\"237\" srcset=\"https:\/\/www.rubendario.cl\/sitio\/wp-content\/uploads\/2013\/08\/cueca01.jpg 350w, https:\/\/www.rubendario.cl\/sitio\/wp-content\/uploads\/2013\/08\/cueca01-300x203.jpg 300w\" sizes=\"auto, (max-width: 350px) 100vw, 350px\" \/>Es la cueca de m\u00e1s desarrollo y es la danza nacional de Chile. En su versi\u00f3n m\u00e1s difundida, la de la zona Central de Chile, los instrumentos tradicionalmente empleados para tocar cueca son el acorde\u00f3n, el arpa, la guitarra, el pandero, el piano, el tormento y, a veces, la vihuela.<\/p>\n<p>Su origen no est\u00e1 totalmente definido, aunque existen varias teor\u00edas sobre ella, dentro de las que se consideran posibles influencias amerindias y espa\u00f1olas \u2014sin que la falte a trav\u00e9s de esta \u00faltima, al igual que al bolero, el elemento \u00e1rabe\u2014,teniendo su origen o inspiraci\u00f3n entre la familia de bailes denominada zamacueca, danza que naci\u00f3 durante la colonia en el Virreinato del Per\u00fa. La zamacueca (\u00abzamba cueca\u00bb), manten\u00eda elementos t\u00edpicos de la jota aragonesa (como el baile en pareja ), de la jota andaluza (con movimientos tales como el zapateo ) y tambi\u00e9n con el fandango, aunque con fuertes influencias africanas y amerindias. Uno de los elementos nuevos que caracteriza a la zamacueca fue el uso de un pa\u00f1uelo.<\/p>\n<p>Pese a estar presente durante gran parte de la historia de Chile, reci\u00e9n en 1979 se oficializ\u00f3 la cueca como danza nacional a trav\u00e9s un decreto publicado en el Diario Oficial el 6 de noviembre de ese a\u00f1o. Diez a\u00f1os despu\u00e9s, se declar\u00f3 al 17 de septiembre como D\u00eda Nacional de la Cueca.<\/p>\n<p>La cueca no solo es bailada a lo largo de Chile, sino tambi\u00e9n por miembros de las comunidades chilenas en el extranjero, donde se llevan a cabo campeonatos de danza.<\/p>\n<h2><\/h2>\n<h2><img loading=\"lazy\" decoding=\"async\" class=\"aligncenter size-full wp-image-1851\" title=\"\" src=\"http:\/\/www.rubendario.cl\/sitio\/wp-content\/uploads\/2013\/08\/cueca02.jpg\" alt=\"\" width=\"350\" height=\"289\" srcset=\"https:\/\/www.rubendario.cl\/sitio\/wp-content\/uploads\/2013\/08\/cueca02.jpg 350w, https:\/\/www.rubendario.cl\/sitio\/wp-content\/uploads\/2013\/08\/cueca02-300x247.jpg 300w\" sizes=\"auto, (max-width: 350px) 100vw, 350px\" \/><\/h2>\n<h2>Tipos de cueca chilena<\/h2>\n<p>La cueca se desarroll\u00f3 a lo largo del pa\u00eds adquiriendo caracter\u00edsticas propias en cada regi\u00f3n. As\u00ed, seg\u00fan la ubicaci\u00f3n geogr\u00e1fica, presenta diferencias que llevan a distinguir las siguientes variaciones respecto de la cueca tradicional. Hay 17 tipos de cueca, entre los cuales est\u00e1n:<\/p>\n<ul>\n<li>Cueca brava: Cantada en lotes de cantores, en tonos de tenor primero o segundo, es la \u00abcueca chilenera\u00bb con otro apelativo.<\/li>\n<li>Cueca campesina: Se acompa\u00f1a con guitarra afinada por transporte. Es lenta y menos picaresca, la mujer casi no mira al hombre hasta el final del baile. Se bailan 3 pies y, a veces, se termina con un vals.<\/li>\n<li>Cueca chilenera: Cantada en lotes de cantores, en tonos de tenor primero o segundo, con una serie de reglas y tradiciones que hacen que sea exclusiva ya que por tonalidades, dominio de instrumentos y otros, se requiere de ciertas cualidades t\u00e9cnicas para poder cantarla.<\/li>\n<li>Cueca chilota: Es muy saltada y zapateada para entrar en calor, y la mujer busca al hombre, que es m\u00e1s indiferente que en el centro de Chile. Su principal diferencia radica en que los pasos son m\u00e1s cortos y adem\u00e1s la voz del cantante tiene m\u00e1s importancia que el sonido de los instrumentos musicales.<\/li>\n<li>Cueca chora: Cantada al un\u00edsono en tonos de bar\u00edtono, en un estilo musical impuesto por los Parra en los a\u00f1os 1960.<\/li>\n<li>Cueca c\u00f3mica.<\/li>\n<li>Cueca criolla: Es caracter\u00edstica de las provincias de la Zona Central de Chile. Se bailan tres pies y tiene gran picard\u00eda.<\/li>\n<li>Cueca larga.<\/li>\n<li>Cueca nortina: Su principal cambio es que la m\u00fasica s\u00f3lo es tocada, no cantada, con trompetas, tubas, bombo y cajas. Es r\u00e1pida y muy r\u00edtmica por parte de los varones, valseada, no zapateada ni saltada. Generalmente se baila un pie y luego un trote o un cachimbo.<\/li>\n<li>Cueca porte\u00f1a: Es igual a cualquiera, pero var\u00eda la expresi\u00f3n; es m\u00e1s desenfrenada.<\/li>\n<li>Cueca robada.<\/li>\n<li>Cueca valseada.<\/li>\n<\/ul>\n<p>Tambi\u00e9n es importante mencionar algunas danzas derivadas de la cueca, llamadas \u00abvariantes\u00bb. Entre estas se encuentran:<\/p>\n<ul>\n<li>La cardita.<\/li>\n<li>La cueca ligera.<\/li>\n<li>La ingeniera.<\/li>\n<li>La porte\u00f1a (no confundir con la cueca porte\u00f1a).<\/li>\n<li>El perseguidor (variante de la porte\u00f1a).<\/li>\n<\/ul>\n<p>Entre las m\u00e1s conocidas cuecas chilenas se encuentran:<\/p>\n<ul>\n<li>Adi\u00f3s, Santiago querido (Segundo Zamora, 1915-1968).<\/li>\n<li>Al\u00f3, al\u00f3 (Mario Catal\u00e1n Portilla, 1913-1979).<\/li>\n<li>Chicha de Curacav\u00ed (Petronila Orellana, 1885-1963), 1967.<\/li>\n<li>El guat\u00f3n Loyola (Alejandro G\u00e1lvez), 1954.<\/li>\n<li>El marinero (Segundo Zamora).<\/li>\n<li>Esa chiquilla que baila (Rosa Vasconcelos).<\/li>\n<li>La consentida (Jaime Atria), 1961.<\/li>\n<li>La huillincana (Liborio B\u00f3rquez, Cuncuna).<\/li>\n<li>La rosa con el clavel (Jorge Mart\u00ednez Serrano), 1962.<\/li>\n<li>La violeta y la parra (Jaime Atria), 1971.<\/li>\n<li>Los lagos de Chile (Petronila Orellana), 1965.<\/li>\n<li>Qu\u00edtame la vida (Segundo Zamora y Jorge Novoa).<\/li>\n<\/ul>\n","protected":false},"excerpt":{"rendered":"<p>Es la cueca de m\u00e1s desarrollo y es la danza nacional de Chile. En su versi\u00f3n m\u00e1s difundida, la de la zona Central de Chile, los instrumentos tradicionalmente empleados para tocar cueca son el acorde\u00f3n, el arpa, la guitarra, el pandero, el piano, el tormento y, a veces, la vihuela. Su origen no est\u00e1 totalmente &hellip;<\/p>\n","protected":false},"author":1,"featured_media":0,"parent":0,"menu_order":0,"comment_status":"closed","ping_status":"open","template":"","meta":{"footnotes":""},"class_list":["post-1844","page","type-page","status-publish",""],"publishpress_future_action":{"enabled":false,"date":"2026-04-11 18:37:24","action":"change-status","newStatus":"draft","terms":[],"taxonomy":"","extraData":[]},"publishpress_future_workflow_manual_trigger":{"enabledWorkflows":[]},"_links":{"self":[{"href":"https:\/\/www.rubendario.cl\/sitio\/wp-json\/wp\/v2\/pages\/1844","targetHints":{"allow":["GET"]}}],"collection":[{"href":"https:\/\/www.rubendario.cl\/sitio\/wp-json\/wp\/v2\/pages"}],"about":[{"href":"https:\/\/www.rubendario.cl\/sitio\/wp-json\/wp\/v2\/types\/page"}],"author":[{"embeddable":true,"href":"https:\/\/www.rubendario.cl\/sitio\/wp-json\/wp\/v2\/users\/1"}],"replies":[{"embeddable":true,"href":"https:\/\/www.rubendario.cl\/sitio\/wp-json\/wp\/v2\/comments?post=1844"}],"version-history":[{"count":0,"href":"https:\/\/www.rubendario.cl\/sitio\/wp-json\/wp\/v2\/pages\/1844\/revisions"}],"wp:attachment":[{"href":"https:\/\/www.rubendario.cl\/sitio\/wp-json\/wp\/v2\/media?parent=1844"}],"curies":[{"name":"wp","href":"https:\/\/api.w.org\/{rel}","templated":true}]}}