{"id":19481,"date":"2021-06-11T12:34:32","date_gmt":"2021-06-11T16:34:32","guid":{"rendered":"https:\/\/www.rubendario.cl\/sitio\/?page_id=19481"},"modified":"2024-05-03T18:22:29","modified_gmt":"2024-05-03T22:22:29","slug":"preguntas-frecuentes","status":"publish","type":"page","link":"https:\/\/www.rubendario.cl\/sitio\/preguntas-frecuentes\/","title":{"rendered":"Preguntas Frecuentes"},"content":{"rendered":"<p><span style=\"color: #333399;\"><strong><img loading=\"lazy\" decoding=\"async\" class=\"aligncenter size-full wp-image-19486\" src=\"https:\/\/www.rubendario.cl\/sitio\/wp-content\/uploads\/2021\/06\/banner-pf.png\" alt=\"\" width=\"660\" height=\"351\" srcset=\"https:\/\/www.rubendario.cl\/sitio\/wp-content\/uploads\/2021\/06\/banner-pf.png 660w, https:\/\/www.rubendario.cl\/sitio\/wp-content\/uploads\/2021\/06\/banner-pf-300x160.png 300w, https:\/\/www.rubendario.cl\/sitio\/wp-content\/uploads\/2021\/06\/banner-pf-460x245.png 460w, https:\/\/www.rubendario.cl\/sitio\/wp-content\/uploads\/2021\/06\/banner-pf-310x165.png 310w\" sizes=\"auto, (max-width: 660px) 100vw, 660px\" \/><\/strong><\/span><\/p>\n<h4><span style=\"color: #333399;\"><strong>\u00bfCu\u00e1ndo se inicia el proceso de postulaci\u00f3n para el pr\u00f3ximo a\u00f1o?<\/strong><\/span><\/h4>\n<p>La informaci\u00f3n detallada del proceso de postulaci\u00f3n para el pr\u00f3ximo a\u00f1o se encuentra disponible en el sitio web <a href=\"http:\/\/www.sistemadeadmisionescolar.cl\">www.sistemadeadmisionescolar.cl<\/a><\/p>\n<p>&nbsp;<\/p>\n<h4><span style=\"color: #333399;\"><strong>\u00bfD\u00f3nde veo el Proyecto Educativo Institucional?<\/strong><\/span><\/h4>\n<p>Los documentos oficiales de nuestro Colegio los puede visualizar en nuestra p\u00e1gina web, en la secci\u00f3n de inicio, ingresando a la pesta\u00f1a \u201cColegio\u201d y luego \u201cDocumentos\u201d, o bien haciendo <span style=\"color: #000080;\"><strong><a style=\"color: #000080;\" href=\"https:\/\/bit.ly\/3iymTur\">CLIC AQU\u00cd<\/a><\/strong><\/span><\/p>\n<p>&nbsp;<\/p>\n<h4><span style=\"color: #333399;\"><strong>\u00bfSe puede visitar el Colegio?<\/strong><\/span><\/h4>\n<p>Las personas que quieran conocer nuestro Colegio, pueden solicitar una visita guiada con Direcci\u00f3n, una vez que se haya concretado el proceso de matr\u00edcula de su estudiante. Esto, ser\u00e1 evaluado seg\u00fan el contexto marcado por la pandemia y las condiciones sanitarias existentes.<\/p>\n<p>&nbsp;<\/p>\n<h4><span style=\"color: #333399;\"><strong>\u00bf Cual es la modalidad del Colegio?<\/strong><\/span><\/h4>\n<p>Somos un Colegio Particular Subvencionado.<\/p>\n<p>&nbsp;<\/p>\n<h4><span style=\"color: #333399;\"><strong>\u00bfEl Colegio est\u00e1 con Ley SEP, PIE, etc?<\/strong><\/span><\/h4>\n<p>No estamos abocados a alg\u00fan tipo de ley.<\/p>\n<p>&nbsp;<\/p>\n<h4><span style=\"color: #333399;\"><strong>\u00bfCu\u00e1les son las formas de pago de la colegiatura?<\/strong><\/span><\/h4>\n<p>Las formas de pagos se informan una vez matriculado el\/la estudiante<\/p>\n<p>&nbsp;<\/p>\n<h4><span style=\"color: #333399;\"><strong>\u00bfSe paga matr\u00edcula?<\/strong><\/span><\/h4>\n<p>Se cancela matr\u00edcula solo en la ense\u00f1anza media, cuyo valor es de $3.500<\/p>\n<p>&nbsp;<\/p>\n<h4><span style=\"color: #333399;\"><strong>\u00bfCu\u00e1nto es la colegiatura del Colegio?<\/strong><\/span><\/h4>\n<p>La colegiatura anual es de UF 29,8 para ense\u00f1anza pre-b\u00e1sica y UF 32, para ense\u00f1anza b\u00e1sica y media.<\/p>\n<p>&nbsp;<\/p>\n<h4><span style=\"color: #333399;\"><strong>\u00bfC\u00f3mo puedo saber con qu\u00e9 infraestructura cuenta el Colegio?<\/strong><\/span><\/h4>\n<p>La informaci\u00f3n detallada de la infraestructura del Colegio la puede conocer visitando nuestra p\u00e1gina web, ingresando a la pesta\u00f1a \u201cColegio\u201d y luego, \u201cInfraestructura\u201d, o bien haciendo <span style=\"color: #000080;\"><a style=\"color: #000080;\" href=\"https:\/\/bit.ly\/3gpl0O1\"><strong>CLIC AQU\u00cd<\/strong><\/a><\/span><\/p>\n<p><strong>\u00a0<\/strong><\/p>\n<h4><span style=\"color: #333399;\"><strong>\u00bfCu\u00e1ntos estudiantes hay por curso?<\/strong><\/span><\/h4>\n<p>En nuestro Colegio, los cursos se componen en promedio por 30 estudiantes.<\/p>\n<p>&nbsp;<\/p>\n<h4><span style=\"color: #333399;\"><strong>\u00bfSe utiliza uniforme?<\/strong><\/span><\/h4>\n<p>S\u00ed, y al momento de matricular se le entrega informaci\u00f3n relacionada.<\/p>\n<p>&nbsp;<\/p>\n<h4><span style=\"color: #333399;\"><strong>\u00bfQu\u00e9 talleres realiza el Colegio?<\/strong><\/span><\/h4>\n<p>Los talleres disponibles en nuestro Colegio pueden los puede visualizar en nuestra p\u00e1gina web, en la secci\u00f3n de inicio, ingresando a la pesta\u00f1a \u201cTalleres\u201d, o bien haciendo <span style=\"color: #000080;\"><a style=\"color: #000080;\" href=\"https:\/\/www.rubendario.cl\/sitio\/talleres-2024\/\"><strong>CLIC AQU\u00cd<\/strong><\/a><\/span><\/p>\n<p>&nbsp;<\/p>\n<h4><span style=\"color: #333399;\"><strong>\u00bfEl Colegio tiene casino?<\/strong><\/span><\/h4>\n<p>El Colegio no cuenta con casino, pero tiene comedores con microondas y refrigeradores.<\/p>\n<p>&nbsp;<\/p>\n<h4><span style=\"color: #333399;\"><strong>\u00bfEl Colegio cuenta con Psic\u00f3logo(a)?<\/strong><\/span><\/h4>\n<p>El Colegio cuenta con una psic\u00f3loga como parte de plan de trabajo del equipo de Convivencia Escolar.<\/p>\n","protected":false},"excerpt":{"rendered":"<p>\u00bfCu\u00e1ndo se inicia el proceso de postulaci\u00f3n para el pr\u00f3ximo a\u00f1o? La informaci\u00f3n detallada del proceso de postulaci\u00f3n para el pr\u00f3ximo a\u00f1o se encuentra disponible en el sitio web www.sistemadeadmisionescolar.cl &nbsp; \u00bfD\u00f3nde veo el Proyecto Educativo Institucional? Los documentos oficiales de nuestro Colegio los puede visualizar en nuestra p\u00e1gina web, en la secci\u00f3n de inicio, &hellip;<\/p>\n","protected":false},"author":1,"featured_media":0,"parent":0,"menu_order":0,"comment_status":"closed","ping_status":"closed","template":"","meta":{"footnotes":""},"class_list":["post-19481","page","type-page","status-publish",""],"publishpress_future_action":{"enabled":false,"date":"2026-05-09 07:51:11","action":"change-status","newStatus":"draft","terms":[],"taxonomy":"","extraData":[]},"publishpress_future_workflow_manual_trigger":{"enabledWorkflows":[]},"_links":{"self":[{"href":"https:\/\/www.rubendario.cl\/sitio\/wp-json\/wp\/v2\/pages\/19481","targetHints":{"allow":["GET"]}}],"collection":[{"href":"https:\/\/www.rubendario.cl\/sitio\/wp-json\/wp\/v2\/pages"}],"about":[{"href":"https:\/\/www.rubendario.cl\/sitio\/wp-json\/wp\/v2\/types\/page"}],"author":[{"embeddable":true,"href":"https:\/\/www.rubendario.cl\/sitio\/wp-json\/wp\/v2\/users\/1"}],"replies":[{"embeddable":true,"href":"https:\/\/www.rubendario.cl\/sitio\/wp-json\/wp\/v2\/comments?post=19481"}],"version-history":[{"count":4,"href":"https:\/\/www.rubendario.cl\/sitio\/wp-json\/wp\/v2\/pages\/19481\/revisions"}],"predecessor-version":[{"id":24667,"href":"https:\/\/www.rubendario.cl\/sitio\/wp-json\/wp\/v2\/pages\/19481\/revisions\/24667"}],"wp:attachment":[{"href":"https:\/\/www.rubendario.cl\/sitio\/wp-json\/wp\/v2\/media?parent=19481"}],"curies":[{"name":"wp","href":"https:\/\/api.w.org\/{rel}","templated":true}]}}