{"id":2195,"date":"2013-12-02T14:16:38","date_gmt":"2013-12-02T17:16:38","guid":{"rendered":"http:\/\/www.rubendario.cl\/sitio\/?page_id=2195"},"modified":"2013-12-02T14:17:58","modified_gmt":"2013-12-02T17:17:58","slug":"generosidad2","status":"publish","type":"page","link":"https:\/\/www.rubendario.cl\/sitio\/generosidad2\/","title":{"rendered":"Generosidad"},"content":{"rendered":"<p><img loading=\"lazy\" decoding=\"async\" class=\"alignleft size-thumbnail wp-image-2187\" title=\"\" src=\"http:\/\/www.rubendario.cl\/sitio\/wp-content\/uploads\/2013\/12\/generosidad2-150x150.jpg\" alt=\"\" width=\"150\" height=\"150\" srcset=\"https:\/\/www.rubendario.cl\/sitio\/wp-content\/uploads\/2013\/12\/generosidad2-150x150.jpg 150w, https:\/\/www.rubendario.cl\/sitio\/wp-content\/uploads\/2013\/12\/generosidad2-300x300.jpg 300w, https:\/\/www.rubendario.cl\/sitio\/wp-content\/uploads\/2013\/12\/generosidad2.jpg 320w\" sizes=\"auto, (max-width: 150px) 100vw, 150px\" \/><strong>Generosidad<\/strong> es un concepto que refiere a la inclinaci\u00f3n a dar y compartir por sobre el propio inter\u00e9s o la utilidad. Se trata de una virtud y un valor positivo que puede asociarse al altruismo, la caridad y la filantrop\u00eda. Puede decirse que la generosidad busca el bien com\u00fan de la sociedad. La persona generosa no pretende una recompensa por su accionar, sino que hace lo que cree correcto y justo. La l\u00f3gica de su pensamiento se\u00f1ala que, si todos los seres humanos fueran generosos y donaran parte de sus recursos materiales o abstractos, el mundo ser\u00eda mejor<br \/>\nLa hermosa generosidad del ser humano es el h\u00e1bito de dar y entender a los dem\u00e1s. Comparado a menudo con la caridad como virtud, la generosidad se acepta extensamente en sociedad como un h\u00e1bito deseable. En momentos de desastres naturales, los esfuerzos de la ayuda son con frecuencia proporcionados, voluntariamente, por los individuos o los grupos que act\u00faan de manera unilateral en su entrega de tiempo, de recursos, de mercanc\u00edas, de dinero, etc.<\/p>\n<p>La generosidad puede tambi\u00e9n ser tiempo, dinero, o trabajo del gasto, para otros, sin la recompensa en vuelta. Aunque el t\u00e9rmino generosidad va a menudo de com\u00fan acuerdo con caridad, mucha gente en el ojo del p\u00fablico desea el reconocimiento de sus buenos actos. Las donaciones son necesarias para apoyar organizaciones y sus comit\u00e9s, sin embargo, la generosidad no debe estar limitada a \u00e9pocas de gran necesidad tales como desastres y situaciones extremas; ya que la generosidad no ha de estar basada solamente en el estado econ\u00f3mico, sino que por el contrario, esto incluye las intenciones puras del individuo de mirar hacia fuera para bien com\u00fan de la sociedad y dar ejemplo a los dem\u00e1s.<\/p>\n<p>La generosidad es una virtud que dif\u00edcilmente se puede apreciar en los dem\u00e1s con objetividad. En el momento de juzgar los actos de otras personas estaremos ,normalmente centrando la atenci\u00f3n en el que recibe o en las caracter\u00edsticas de la aportaci\u00f3n. Por ejemplo, si nos enteramos de que alguna persona sin problemas econ\u00f3micos ha regalado una cantidad de dinero a alg\u00fan pariente suyo con necesidades, es l\u00f3gico que le llamemos \u00abgeneroso\u00bb. Sin embargo, esa aportaci\u00f3n seguramente no le ha costado ning\u00fan esfuerzo. Desconocemos el motivo del acto: \u00bfha sido por reconocer la necesidad de su pariente o por no sentirse culpable, etc. Es decir, podemos identificar distintos medios o maneras para poder llevar a cabo un acto de generosidad, pero un acto ser\u00e1 muestra de generosidad o no, de acuerdo con la intensidad con que se viva la virtud y la rectitud de los motivos.<\/p>\n","protected":false},"excerpt":{"rendered":"<p>Generosidad es un concepto que refiere a la inclinaci\u00f3n a dar y compartir por sobre el propio inter\u00e9s o la utilidad. Se trata de una virtud y un valor positivo que puede asociarse al altruismo, la caridad y la filantrop\u00eda. Puede decirse que la generosidad busca el bien com\u00fan de la sociedad. La persona generosa &hellip;<\/p>\n","protected":false},"author":1,"featured_media":0,"parent":0,"menu_order":0,"comment_status":"closed","ping_status":"open","template":"","meta":{"footnotes":""},"class_list":["post-2195","page","type-page","status-publish",""],"publishpress_future_action":{"enabled":false,"date":"2026-04-12 10:44:58","action":"change-status","newStatus":"draft","terms":[],"taxonomy":"","extraData":[]},"publishpress_future_workflow_manual_trigger":{"enabledWorkflows":[]},"_links":{"self":[{"href":"https:\/\/www.rubendario.cl\/sitio\/wp-json\/wp\/v2\/pages\/2195","targetHints":{"allow":["GET"]}}],"collection":[{"href":"https:\/\/www.rubendario.cl\/sitio\/wp-json\/wp\/v2\/pages"}],"about":[{"href":"https:\/\/www.rubendario.cl\/sitio\/wp-json\/wp\/v2\/types\/page"}],"author":[{"embeddable":true,"href":"https:\/\/www.rubendario.cl\/sitio\/wp-json\/wp\/v2\/users\/1"}],"replies":[{"embeddable":true,"href":"https:\/\/www.rubendario.cl\/sitio\/wp-json\/wp\/v2\/comments?post=2195"}],"version-history":[{"count":0,"href":"https:\/\/www.rubendario.cl\/sitio\/wp-json\/wp\/v2\/pages\/2195\/revisions"}],"wp:attachment":[{"href":"https:\/\/www.rubendario.cl\/sitio\/wp-json\/wp\/v2\/media?parent=2195"}],"curies":[{"name":"wp","href":"https:\/\/api.w.org\/{rel}","templated":true}]}}