{"id":25460,"date":"2025-04-27T17:46:17","date_gmt":"2025-04-27T21:46:17","guid":{"rendered":"https:\/\/www.rubendario.cl\/sitio\/?page_id=25460"},"modified":"2026-04-24T16:44:36","modified_gmt":"2026-04-24T20:44:36","slug":"documentos-2026","status":"publish","type":"page","link":"https:\/\/www.rubendario.cl\/sitio\/documentos-2026\/","title":{"rendered":"Documentos 2026"},"content":{"rendered":"<h2><img loading=\"lazy\" decoding=\"async\" class=\"aligncenter size-full wp-image-18913\" src=\"https:\/\/www.rubendario.cl\/sitio\/wp-content\/uploads\/2021\/03\/banner-documentos-important.png\" alt=\"\" width=\"660\" height=\"351\" srcset=\"https:\/\/www.rubendario.cl\/sitio\/wp-content\/uploads\/2021\/03\/banner-documentos-important.png 660w, https:\/\/www.rubendario.cl\/sitio\/wp-content\/uploads\/2021\/03\/banner-documentos-important-300x160.png 300w, https:\/\/www.rubendario.cl\/sitio\/wp-content\/uploads\/2021\/03\/banner-documentos-important-460x245.png 460w, https:\/\/www.rubendario.cl\/sitio\/wp-content\/uploads\/2021\/03\/banner-documentos-important-310x165.png 310w\" sizes=\"auto, (max-width: 660px) 100vw, 660px\" \/><\/h2>\n<h3 style=\"text-align: center;\"><strong><span style=\"color: #000080;\">Proyecto Educativo<\/span><\/strong><\/h3>\n<table border=\"0\">\n<tbody>\n<tr style=\"height: 101px;\">\n<td style=\"height: 101px;\" align=\"center\" valign=\"middle\">\n<p style=\"text-align: center;\">Proyecto Educativo Institucional-PEI<\/p>\n<\/td>\n<td style=\"height: 101px;\"><a href=\"https:\/\/www.rubendario.cl\/sitio\/wp-content\/uploads\/2024\/04\/PROYECTO-EDUCATIVO-INSTITUCIONAL-2024.pdf\" target=\"_blank\" rel=\"noopener noreferrer\"><img loading=\"lazy\" decoding=\"async\" class=\"alignright wp-image-436 size-full\" title=\"descargaraqui\" src=\"https:\/\/www.rubendario.cl\/sitio\/wp-content\/uploads\/2011\/04\/descargaraqui.jpg\" alt=\"\" width=\"200\" height=\"85\" border=\"0\" \/><\/a><\/td>\n<\/tr>\n<\/tbody>\n<\/table>\n<h3 style=\"text-align: center;\"><strong><span style=\"color: #000080;\">Reglamentos<\/span><\/strong><\/h3>\n<table border=\"0\">\n<tbody>\n<tr style=\"height: 101px;\">\n<td style=\"height: 101px; text-align: center;\" align=\"center\" valign=\"middle\"><span style=\"font-size: 12pt;\">Reglamento de Educaci\u00f3n Parvularia<\/span><\/td>\n<td style=\"height: 101px;\">\u00a0<a href=\"https:\/\/www.rubendario.cl\/sitio\/wp-content\/uploads\/2025\/04\/Reglamento-de-convivencia-Educaci\u00f3n-Parvularia-2025.pdf\"><img loading=\"lazy\" decoding=\"async\" class=\"alignright\" src=\"http:\/\/www.rubendario.cl\/sitio\/wp-content\/uploads\/2011\/04\/descargaraqui.jpg\" alt=\"\" width=\"200\" height=\"85\" border=\"0\" \/><\/a><\/td>\n<\/tr>\n<tr style=\"height: 101px;\">\n<td style=\"height: 101px; text-align: center;\" align=\"center\" valign=\"middle\"><span style=\"font-size: 12pt;\">Reglamento Interno de Convivencia Escolar\u00a0<\/span>2026<\/td>\n<td style=\"height: 101px;\">\u00a0<a href=\"https:\/\/www.rubendario.cl\/sitio\/wp-content\/uploads\/2026\/04\/REGLAMENTO-INTERNO-DE-CONVIVENCIA-ESCOLAR-2026.pdf\" target=\"_blank\" rel=\"noopener noreferrer\"><img loading=\"lazy\" decoding=\"async\" class=\"alignright\" src=\"http:\/\/www.rubendario.cl\/sitio\/wp-content\/uploads\/2011\/04\/descargaraqui.jpg\" alt=\"\" width=\"200\" height=\"85\" border=\"0\" \/><\/a><\/td>\n<\/tr>\n<tr style=\"height: 101px;\">\n<td style=\"height: 101px; text-align: center;\" align=\"center\" valign=\"middle\"><span style=\"font-size: 12pt;\">Reglamento de Evaluaci\u00f3n y Promoci\u00f3n 2024<\/span><\/td>\n<td style=\"height: 101px;\">\u00a0<a href=\"https:\/\/www.rubendario.cl\/sitio\/wp-content\/uploads\/2024\/01\/Reglamento-de-evaluaci\u00f3n-2024-actualizado.pdf\"><img loading=\"lazy\" decoding=\"async\" class=\"alignright\" src=\"http:\/\/www.rubendario.cl\/sitio\/wp-content\/uploads\/2011\/04\/descargaraqui.jpg\" alt=\"\" width=\"200\" height=\"85\" border=\"0\" \/><\/a><\/td>\n<\/tr>\n<tr style=\"height: 101px;\">\n<td style=\"height: 101px; text-align: center;\" align=\"center\" valign=\"middle\"><span style=\"font-size: 12pt;\">Reglamento de Becas 2025 &#8211; 2026<\/span><\/td>\n<td style=\"height: 101px;\">\u00a0<a href=\"https:\/\/www.rubendario.cl\/sitio\/wp-content\/uploads\/2025\/10\/r-becas-25-26.pdf\" target=\"_blank\" rel=\"noopener noreferrer\"><img loading=\"lazy\" decoding=\"async\" class=\"alignright wp-image-436 size-full\" title=\"descargaraqui\" src=\"https:\/\/www.rubendario.cl\/sitio\/wp-content\/uploads\/2011\/04\/descargaraqui.jpg\" alt=\"\" width=\"200\" height=\"85\" border=\"0\" \/><\/a><\/td>\n<\/tr>\n<\/tbody>\n<\/table>\n<h3 style=\"text-align: center;\"><strong><span style=\"color: #000080;\">Planes Anuales<\/span><\/strong><\/h3>\n<table border=\"0\">\n<tbody>\n<tr>\n<td style=\"text-align: center;\" align=\"center\" width=\"60%\">Plan Integral de Seguridad Escolar 2025<\/td>\n<td align=\"center\" width=\"40%\"><a href=\"https:\/\/www.rubendario.cl\/sitio\/wp-content\/uploads\/2024\/01\/PISE-2024.pdf\"><img loading=\"lazy\" decoding=\"async\" class=\"aligncenter\" src=\"https:\/\/www.rubendario.cl\/sitio\/wp-content\/uploads\/2018\/08\/descargar-1.jpg\" alt=\"\" width=\"200\" height=\"85\" longdesc=\"https:\/\/www.rubendario.cl\/sitio\/wp-content\/uploads\/2018\/08\/descargar-1.jpg\" border=\"0\" \/><\/a><\/td>\n<\/tr>\n<tr>\n<td style=\"text-align: center;\" align=\"center\" width=\"60%\">Plan Anual de Sexualidad, Afectividad y<br \/>\nG\u00e9nero 2025<\/td>\n<td align=\"center\" width=\"40%\"><a href=\"https:\/\/www.rubendario.cl\/sitio\/wp-content\/uploads\/2025\/04\/PLAN-DE-SEXUALIDAD-AFECTIVIDAD-Y-G\u00c9NERO-2025.docx.pdf\"><img loading=\"lazy\" decoding=\"async\" class=\"aligncenter\" src=\"https:\/\/www.rubendario.cl\/sitio\/wp-content\/uploads\/2018\/08\/descargar-1.jpg\" alt=\"\" width=\"200\" height=\"85\" longdesc=\"https:\/\/www.rubendario.cl\/sitio\/wp-content\/uploads\/2018\/08\/descargar-1.jpg\" border=\"0\" \/><\/a><\/td>\n<\/tr>\n<tr>\n<td style=\"text-align: center;\" align=\"center\" width=\"60%\">Plan Anual Gesti\u00f3n, Formaci\u00f3n<br \/>\ny\u00a0Convivencia Escolar 2025<\/td>\n<td align=\"center\" width=\"40%\"><a href=\"https:\/\/www.rubendario.cl\/sitio\/wp-content\/uploads\/2025\/04\/PLAN-DE-CONVIVENCIA-2025.pdf\"><img loading=\"lazy\" decoding=\"async\" class=\"aligncenter\" src=\"https:\/\/www.rubendario.cl\/sitio\/wp-content\/uploads\/2018\/08\/descargar-1.jpg\" alt=\"\" width=\"200\" height=\"85\" longdesc=\"https:\/\/www.rubendario.cl\/sitio\/wp-content\/uploads\/2018\/08\/descargar-1.jpg\" border=\"0\" \/><\/a><\/td>\n<\/tr>\n<tr>\n<td style=\"text-align: center;\" align=\"center\" width=\"60%\">Plan de Apoyo a la Inclusi\u00f3n 2025<\/td>\n<td align=\"center\" width=\"40%\"><a href=\"https:\/\/www.rubendario.cl\/sitio\/wp-content\/uploads\/2025\/04\/PLAN-DE-APOYO-A-LA-INCLUSI\u00d3N-2025.pdf\"><img loading=\"lazy\" decoding=\"async\" class=\"aligncenter\" src=\"https:\/\/www.rubendario.cl\/sitio\/wp-content\/uploads\/2018\/08\/descargar-1.jpg\" alt=\"\" width=\"200\" height=\"85\" longdesc=\"https:\/\/www.rubendario.cl\/sitio\/wp-content\/uploads\/2018\/08\/descargar-1.jpg\" border=\"0\" \/><\/a><\/td>\n<\/tr>\n<tr>\n<td style=\"text-align: center;\" align=\"center\" width=\"60%\">Plan de Desarrollo Profesional Docente 2025<\/td>\n<td align=\"center\" width=\"40%\"><a href=\"https:\/\/www.rubendario.cl\/sitio\/wp-content\/uploads\/2025\/04\/PLAN-DE-DESARROLLO-PROFESIONAL-2025.pdf\"><img loading=\"lazy\" decoding=\"async\" class=\"aligncenter\" src=\"https:\/\/www.rubendario.cl\/sitio\/wp-content\/uploads\/2018\/08\/descargar-1.jpg\" alt=\"\" width=\"200\" height=\"85\" longdesc=\"https:\/\/www.rubendario.cl\/sitio\/wp-content\/uploads\/2018\/08\/descargar-1.jpg\" border=\"0\" \/><\/a><\/td>\n<\/tr>\n<tr>\n<td style=\"text-align: center;\" align=\"center\" width=\"60%\">Plan de Formaci\u00f3n Ciudadana 2025<\/td>\n<td align=\"center\" width=\"40%\"><a href=\"https:\/\/www.rubendario.cl\/sitio\/wp-content\/uploads\/2025\/04\/PFC-2025.pdf\"><img loading=\"lazy\" decoding=\"async\" class=\"aligncenter\" src=\"https:\/\/www.rubendario.cl\/sitio\/wp-content\/uploads\/2018\/08\/descargar-1.jpg\" alt=\"\" width=\"200\" height=\"85\" longdesc=\"https:\/\/www.rubendario.cl\/sitio\/wp-content\/uploads\/2018\/08\/descargar-1.jpg\" border=\"0\" \/><\/a><\/td>\n<\/tr>\n<\/tbody>\n<\/table>\n<h3 style=\"text-align: center;\"><strong><span style=\"color: #000080;\">Protocolos<\/span><\/strong><\/h3>\n<table border=\"0\">\n<tbody>\n<tr>\n<td style=\"text-align: center;\" align=\"center\" width=\"60%\">Protocolo Contenci\u00f3n Psicoemocional<br \/>\nde el\/la Estudiante<\/td>\n<td align=\"center\" width=\"40%\"><a href=\"https:\/\/www.rubendario.cl\/sitio\/wp-content\/uploads\/2022\/03\/Protocolo-de-Uso-del-Club-Sport-Kopawe.pdf\" target=\"_blank\" rel=\"noopener noreferrer\"><img loading=\"lazy\" decoding=\"async\" class=\"aligncenter\" src=\"https:\/\/www.rubendario.cl\/sitio\/wp-content\/uploads\/2018\/08\/descargar-1.jpg\" alt=\"\" width=\"200\" height=\"85\" longdesc=\"https:\/\/www.rubendario.cl\/sitio\/wp-content\/uploads\/2018\/08\/descargar-1.jpg\" border=\"0\" \/><\/a><\/td>\n<\/tr>\n<tr>\n<td style=\"text-align: center;\" align=\"center\" width=\"60%\">Protocolo de Electividad Asignaturas<br \/>\nde Profundiaci\u00f3n III\u00b0 y IV\u00b0 Medios<\/td>\n<td align=\"center\" width=\"40%\"><a href=\"https:\/\/www.rubendario.cl\/sitio\/wp-content\/uploads\/2023\/06\/protocolo-de-electividad-de-asignaturas-de-profundizaci\u00f3n.pdf\"><img loading=\"lazy\" decoding=\"async\" class=\"aligncenter\" src=\"https:\/\/www.rubendario.cl\/sitio\/wp-content\/uploads\/2018\/08\/descargar-1.jpg\" alt=\"\" width=\"200\" height=\"85\" longdesc=\"https:\/\/www.rubendario.cl\/sitio\/wp-content\/uploads\/2018\/08\/descargar-1.jpg\" border=\"0\" \/><\/a><\/td>\n<\/tr>\n<\/tbody>\n<\/table>\n<p>&nbsp;<\/p>\n<table border=\"0\">\n<tbody>\n<tr>\n<td style=\"text-align: center;\" align=\"center\" width=\"60%\">Protocolo Club Kopawe<\/td>\n<td align=\"center\" width=\"40%\"><a href=\"https:\/\/www.rubendario.cl\/sitio\/wp-content\/uploads\/2022\/03\/Protocolo-de-Uso-del-Club-Sport-Kopawe.pdf\" target=\"_blank\" rel=\"noopener noreferrer\"><img loading=\"lazy\" decoding=\"async\" class=\"aligncenter\" src=\"https:\/\/www.rubendario.cl\/sitio\/wp-content\/uploads\/2018\/08\/descargar-1.jpg\" alt=\"\" width=\"200\" height=\"85\" longdesc=\"https:\/\/www.rubendario.cl\/sitio\/wp-content\/uploads\/2018\/08\/descargar-1.jpg\" border=\"0\" \/><\/a><\/td>\n<\/tr>\n<\/tbody>\n<\/table>\n<p>&nbsp;<\/p>\n","protected":false},"excerpt":{"rendered":"<p>Proyecto Educativo Proyecto Educativo Institucional-PEI Reglamentos Reglamento de Educaci\u00f3n Parvularia \u00a0 Reglamento Interno de Convivencia Escolar\u00a02026 \u00a0 Reglamento de Evaluaci\u00f3n y Promoci\u00f3n 2024 \u00a0 Reglamento de Becas 2025 &#8211; 2026 \u00a0 Planes Anuales Plan Integral de Seguridad Escolar 2025 Plan Anual de Sexualidad, Afectividad y G\u00e9nero 2025 Plan Anual Gesti\u00f3n, Formaci\u00f3n y\u00a0Convivencia Escolar 2025 Plan &hellip;<\/p>\n","protected":false},"author":1,"featured_media":0,"parent":0,"menu_order":0,"comment_status":"closed","ping_status":"closed","template":"","meta":{"footnotes":""},"class_list":["post-25460","page","type-page","status-publish",""],"publishpress_future_action":{"enabled":false,"date":"2026-05-09 07:58:50","action":"change-status","newStatus":"draft","terms":[],"taxonomy":"","extraData":[]},"publishpress_future_workflow_manual_trigger":{"enabledWorkflows":[]},"_links":{"self":[{"href":"https:\/\/www.rubendario.cl\/sitio\/wp-json\/wp\/v2\/pages\/25460","targetHints":{"allow":["GET"]}}],"collection":[{"href":"https:\/\/www.rubendario.cl\/sitio\/wp-json\/wp\/v2\/pages"}],"about":[{"href":"https:\/\/www.rubendario.cl\/sitio\/wp-json\/wp\/v2\/types\/page"}],"author":[{"embeddable":true,"href":"https:\/\/www.rubendario.cl\/sitio\/wp-json\/wp\/v2\/users\/1"}],"replies":[{"embeddable":true,"href":"https:\/\/www.rubendario.cl\/sitio\/wp-json\/wp\/v2\/comments?post=25460"}],"version-history":[{"count":19,"href":"https:\/\/www.rubendario.cl\/sitio\/wp-json\/wp\/v2\/pages\/25460\/revisions"}],"predecessor-version":[{"id":26363,"href":"https:\/\/www.rubendario.cl\/sitio\/wp-json\/wp\/v2\/pages\/25460\/revisions\/26363"}],"wp:attachment":[{"href":"https:\/\/www.rubendario.cl\/sitio\/wp-json\/wp\/v2\/media?parent=25460"}],"curies":[{"name":"wp","href":"https:\/\/api.w.org\/{rel}","templated":true}]}}