{"id":25487,"date":"2025-04-27T19:17:36","date_gmt":"2025-04-27T23:17:36","guid":{"rendered":"https:\/\/www.rubendario.cl\/sitio\/?page_id=25487"},"modified":"2025-04-27T19:17:36","modified_gmt":"2025-04-27T23:17:36","slug":"informe-de-la-gestion-educativa-2024","status":"publish","type":"page","link":"https:\/\/www.rubendario.cl\/sitio\/informe-de-la-gestion-educativa-2024\/","title":{"rendered":"Informe de la Gesti\u00f3n Educativa 2024"},"content":{"rendered":"<p><img loading=\"lazy\" decoding=\"async\" class=\"aligncenter size-full wp-image-25490\" src=\"https:\/\/www.rubendario.cl\/sitio\/wp-content\/uploads\/2025\/04\/inforrme2.jpg\" alt=\"\" width=\"660\" height=\"330\" srcset=\"https:\/\/www.rubendario.cl\/sitio\/wp-content\/uploads\/2025\/04\/inforrme2.jpg 660w, https:\/\/www.rubendario.cl\/sitio\/wp-content\/uploads\/2025\/04\/inforrme2-300x150.jpg 300w, https:\/\/www.rubendario.cl\/sitio\/wp-content\/uploads\/2025\/04\/inforrme2-460x230.jpg 460w\" sizes=\"auto, (max-width: 660px) 100vw, 660px\" \/><\/p>\n<p>Estimados padres y apoderados:<\/p>\n<p>Con la finalidad de dar cumplimiento a lo establecido en la normativa vigente, el Colegio Poeta Rub\u00e9n Dar\u00edo, entrega a ustedes la\u00a0<strong>Cuenta P\u00fablica del A\u00f1o 2024<\/strong>, donde compartimos nuestros logros para dar cumplimiento a nuestro\u00a0<strong>Proyecto Educativo Institucional<\/strong>.<\/p>\n<p>Mantenemos nuestro compromiso de seguir entregando una educaci\u00f3n de calidad, trabajando d\u00eda a d\u00eda en conservar una buena convivencia escolar y seguir consolid\u00e1ndonos como uno de los mejores establecimientos\u00a0educacionales de Maip\u00fa.<\/p>\n<p>Katherine Morales O\u00f1ate<br \/>\nDirectora Colegio Poeta Rub\u00e9n Dario<\/p>\n<p><a href=\"https:\/\/www.rubendario.cl\/sitio\/wp-content\/uploads\/2025\/04\/CUENTA-ANUAL-2024.pdf\"><img loading=\"lazy\" decoding=\"async\" class=\"aligncenter wp-image-12631 size-full\" src=\"https:\/\/www.rubendario.cl\/sitio\/wp-content\/uploads\/2018\/08\/descargar-1.jpg\" alt=\"\" width=\"200\" height=\"85\" \/><\/a><\/p>\n","protected":false},"excerpt":{"rendered":"<p>Estimados padres y apoderados: Con la finalidad de dar cumplimiento a lo establecido en la normativa vigente, el Colegio Poeta Rub\u00e9n Dar\u00edo, entrega a ustedes la\u00a0Cuenta P\u00fablica del A\u00f1o 2024, donde compartimos nuestros logros para dar cumplimiento a nuestro\u00a0Proyecto Educativo Institucional. Mantenemos nuestro compromiso de seguir entregando una educaci\u00f3n de calidad, trabajando d\u00eda a d\u00eda &hellip;<\/p>\n","protected":false},"author":1,"featured_media":0,"parent":0,"menu_order":0,"comment_status":"closed","ping_status":"closed","template":"","meta":{"footnotes":""},"class_list":["post-25487","page","type-page","status-publish",""],"publishpress_future_action":{"enabled":false,"date":"2026-05-11 12:30:40","action":"change-status","newStatus":"draft","terms":[],"taxonomy":"","extraData":[]},"publishpress_future_workflow_manual_trigger":{"enabledWorkflows":[]},"_links":{"self":[{"href":"https:\/\/www.rubendario.cl\/sitio\/wp-json\/wp\/v2\/pages\/25487","targetHints":{"allow":["GET"]}}],"collection":[{"href":"https:\/\/www.rubendario.cl\/sitio\/wp-json\/wp\/v2\/pages"}],"about":[{"href":"https:\/\/www.rubendario.cl\/sitio\/wp-json\/wp\/v2\/types\/page"}],"author":[{"embeddable":true,"href":"https:\/\/www.rubendario.cl\/sitio\/wp-json\/wp\/v2\/users\/1"}],"replies":[{"embeddable":true,"href":"https:\/\/www.rubendario.cl\/sitio\/wp-json\/wp\/v2\/comments?post=25487"}],"version-history":[{"count":1,"href":"https:\/\/www.rubendario.cl\/sitio\/wp-json\/wp\/v2\/pages\/25487\/revisions"}],"predecessor-version":[{"id":25491,"href":"https:\/\/www.rubendario.cl\/sitio\/wp-json\/wp\/v2\/pages\/25487\/revisions\/25491"}],"wp:attachment":[{"href":"https:\/\/www.rubendario.cl\/sitio\/wp-json\/wp\/v2\/media?parent=25487"}],"curies":[{"name":"wp","href":"https:\/\/api.w.org\/{rel}","templated":true}]}}