{"id":3143,"date":"2014-03-11T22:40:14","date_gmt":"2014-03-12T01:40:14","guid":{"rendered":"http:\/\/www.rubendario.cl\/sitio\/?page_id=3143"},"modified":"2014-03-11T22:40:14","modified_gmt":"2014-03-12T01:40:14","slug":"valor-respeto","status":"publish","type":"page","link":"https:\/\/www.rubendario.cl\/sitio\/valor-respeto\/","title":{"rendered":"Valor: Respeto"},"content":{"rendered":"<p><img loading=\"lazy\" decoding=\"async\" class=\"alignleft size-thumbnail wp-image-3144\" title=\"\" src=\"http:\/\/www.rubendario.cl\/sitio\/wp-content\/uploads\/2014\/03\/repeto_imagen-150x150.jpg\" alt=\"\" width=\"150\" height=\"150\" \/>En el Respeto est\u00e1 impl\u00edcita la tolerancia, entendida como la aceptaci\u00f3n de las condiciones que los dem\u00e1s tienen. No obstante, tolerar no es claudicar ni conciliar lo irreconciliable.<\/p>\n<p>El respeto comienza en la propia persona y est\u00e1 referido a las leyes naturales. El estado original del respeto est\u00e1 basado en el reconocimiento del propio ser como una entidad \u00fanica, una fuerza vital interior, un ser espiritual, un alma. La conciencia elevada de saber \u201cqui\u00e9n soy\u201d surge desde un espacio aut\u00e9ntico de valor puro. Con esta perspectiva, hay fe en el propio ser as\u00ed como entereza e integridad en el interior. Con la comprensi\u00f3n del propio ser se experimenta el verdadero autorrespeto. As\u00ed, las primeras faltas de respeto se dan hacia uno mismo, cuando no se valora la manera como se trata a s\u00ed mismo -por ejemplo abusando del alcohol, comiendo mal por gusto propio, haciendo del sexo una actividad morbosa donde los abusos y el placer por el placer primen, etc.<\/p>\n<h2>Fuente de conflicto<\/h2>\n<p>El conflicto se inicia cuando falta el reconocimiento de la propia naturaleza original y la del otro. Como resultado, las influencias negativas externas dominan completamente el respeto. Estabilizarse en el estado elevado del propio ser asegura aut\u00e9ntico respeto por y de los dem\u00e1s debido a que se act\u00faa con la conciencia de que todo ser humano tiene un valor innato, que es puro y virtuoso. Esta forma de pensar garantiza la victoria final, porque la interacci\u00f3n sobre esta base asegura que surja la bondad inherente del propio ser y de los dem\u00e1s.<\/p>\n<p>La causa de todas las debilidades se origina en la ausencia de autorrespeto. La persona se llena de diferentes deseos o expectativas, exigiendo consideraci\u00f3n o respeto de los dem\u00e1s. La persona, al hacerse dependiente de fuerzas externas en lugar de sus poderes internos, mide el respeto mediante los factores f\u00edsicos y materiales, tales como la casta, el color, la raza, la religi\u00f3n, el sexo, la nacionalidad, el estatus y la popularidad. Cuanto m\u00e1s se mide el respeto sobre la base de algo externo, mayor es el deseo de que los dem\u00e1s tengan un reconocimiento hacia m\u00ed. Cuanto mayor es ese deseo, m\u00e1s se es v\u00edctima del mismo y se pierde el respeto hacia uno mismo y hacia los dem\u00e1s. Si las personas renunciaran al deseo de recibir consideraci\u00f3n de los dem\u00e1s y se estabilizaran en el estado elevado de autorrespeto, la consideraci\u00f3n y el respeto los seguir\u00eda como una sombra.<\/p>\n<p>El desaf\u00edo es desarrollar el valor del respeto en el propio ser y darle una expresi\u00f3n pr\u00e1ctica en la vida diaria. Aparecer\u00e1n obst\u00e1culos para probar la solidez del respeto y, con frecuencia, se sentir\u00e1n en los momentos de m\u00e1s vulnerabilidad. Es necesaria la confianza en uno mismo para tratar con las circunstancias con seguridad, de manera optimista, esperanzadora. En las situaciones en las que parece que todos los apoyos se han desvanecido, lo que permanece fiel es el nivel en que se ha podido confiar internamente en el propio ser.<\/p>\n<h2>Ambiente de respeto<\/h2>\n<p>El poder de discernir crea un ambiente de respeto, en el que se presta atenci\u00f3n a la calidad de las intenciones, actitudes, conductas, pensamientos, palabras y acciones. En la medida que exista el poder de la humildad en el respeto hacia el propio ser \u2014y el discernimiento y la sabidur\u00eda que permiten ser justo e imparcial con los dem\u00e1s\u2014 habr\u00e1 \u00e9xito en la forma de valorar la individualidad, apreciar la diversidad y tomar en consideraci\u00f3n la tarea en su totalidad. El equilibrio entre la humildad y el autorrespeto da como resultado el servicio altruista, una actuaci\u00f3n honrosa desprovista de actitudes d\u00e9biles tales como la arrogancia y la estrechez mental. La arrogancia da\u00f1a o destruye la autenticidad de los dem\u00e1s y viola sus derechos fundamentales. Un temperamento as\u00ed perjudica tambi\u00e9n al transgresor. Por ejemplo, la tendencia a impresionar, dominar, o limitar la libertad de los dem\u00e1s se manifiesta con el prop\u00f3sito de imponerse en detrimento del valor interno, de la dignidad y la paz mental. El respeto original se subordina a uno artificial.<\/p>\n<p>Por tanto, pretender ganar respeto sin permanecer consciente del propio valor original se convierte en el m\u00e9todo mismo para perderlo. Conocer el valor propio y honrar el de los dem\u00e1s es la aut\u00e9ntica manera de ganar respeto. Puesto que tal principio tiene su origen en ese espacio pr\u00edstino de valor puro, los dem\u00e1s sienten intuitivamente, la autenticidad y la sinceridad. En la visi\u00f3n y la actitud de igualdad existe una espiritualidad compartida. Compartir crea un sentimiento de pertenecer, un sentimiento de familia.<\/p>\n<p>Ese sentido de honor y de valor puede extenderse a la naturaleza. La falta de respeto y trabajar en contra de las leyes de la naturaleza ocasionan un desequilibrio ecol\u00f3gico y desastres naturales. Cuando el respeto y la reverencia se extiendan a la energ\u00eda eterna de la materia, los elementos servir\u00e1n a la humanidad con precisi\u00f3n y abundancia.<\/p>\n<p>Respeto es el reconocimiento del valor inherente y de los derechos innatos de los individuos y de la sociedad. Estos deben ser reconocidos como el foco central para lograr que las personas se comprometan con un prop\u00f3sito m\u00e1s elevado en la vida. El respeto y el reconocimiento internacionales por los derechos intelectuales y las ideas originales deben observarse sin discriminaci\u00f3n. La grandeza de la vida est\u00e1 presente en cada uno, por lo que todo ser humano tiene el derecho a la alegr\u00eda de vivir con respeto y dignidad.<\/p>\n","protected":false},"excerpt":{"rendered":"<p>En el Respeto est\u00e1 impl\u00edcita la tolerancia, entendida como la aceptaci\u00f3n de las condiciones que los dem\u00e1s tienen. No obstante, tolerar no es claudicar ni conciliar lo irreconciliable. El respeto comienza en la propia persona y est\u00e1 referido a las leyes naturales. El estado original del respeto est\u00e1 basado en el reconocimiento del propio ser &hellip;<\/p>\n","protected":false},"author":1,"featured_media":0,"parent":0,"menu_order":0,"comment_status":"closed","ping_status":"open","template":"","meta":{"footnotes":""},"class_list":["post-3143","page","type-page","status-publish",""],"publishpress_future_action":{"enabled":false,"date":"2026-04-28 13:50:20","action":"change-status","newStatus":"draft","terms":[],"taxonomy":"","extraData":[]},"publishpress_future_workflow_manual_trigger":{"enabledWorkflows":[]},"_links":{"self":[{"href":"https:\/\/www.rubendario.cl\/sitio\/wp-json\/wp\/v2\/pages\/3143","targetHints":{"allow":["GET"]}}],"collection":[{"href":"https:\/\/www.rubendario.cl\/sitio\/wp-json\/wp\/v2\/pages"}],"about":[{"href":"https:\/\/www.rubendario.cl\/sitio\/wp-json\/wp\/v2\/types\/page"}],"author":[{"embeddable":true,"href":"https:\/\/www.rubendario.cl\/sitio\/wp-json\/wp\/v2\/users\/1"}],"replies":[{"embeddable":true,"href":"https:\/\/www.rubendario.cl\/sitio\/wp-json\/wp\/v2\/comments?post=3143"}],"version-history":[{"count":0,"href":"https:\/\/www.rubendario.cl\/sitio\/wp-json\/wp\/v2\/pages\/3143\/revisions"}],"wp:attachment":[{"href":"https:\/\/www.rubendario.cl\/sitio\/wp-json\/wp\/v2\/media?parent=3143"}],"curies":[{"name":"wp","href":"https:\/\/api.w.org\/{rel}","templated":true}]}}