{"id":3513,"date":"2014-06-01T01:40:24","date_gmt":"2014-06-01T05:40:24","guid":{"rendered":"http:\/\/www.rubendario.cl\/sitio\/?page_id=3513"},"modified":"2014-06-01T01:48:35","modified_gmt":"2014-06-01T05:48:35","slug":"importancia-de-los-ejemplos-positivos","status":"publish","type":"page","link":"https:\/\/www.rubendario.cl\/sitio\/importancia-de-los-ejemplos-positivos\/","title":{"rendered":"\u00bfCu\u00e1l es la importancia de un ejemplo positivo?"},"content":{"rendered":"<p><img loading=\"lazy\" decoding=\"async\" class=\"alignleft size-full wp-image-3518\" title=\"\" src=\"http:\/\/www.rubendario.cl\/sitio\/wp-content\/uploads\/2014\/06\/ejemplo.jpg\" alt=\"\" width=\"299\" height=\"200\" \/>Los ejemplos positivos son importantes para todos como un modelo a seguir, pero son especialmente importantes para los ni\u00f1os porque los ayudan a decidir en qu\u00e9 tipo de persona se convertir\u00e1n. Los ejemplos positivos pueden encontrarse en cualquier lado: escuelas, iglesias, la casa de al lado o tu propio hogar.<\/p>\n<h3>Por qu\u00e9 los modelos a seguir son importantes<\/h3>\n<p>Los ni\u00f1os y los adolescentes tienen una habilidad para mirar a otros y copiar sus comportamientos, ya sea un padre, maestro, hermano o par. Buscan en los modelos a seguir una gu\u00eda en la vida y toman claves de ellos respecto de todo, desde \u00e9tica del trabajo hasta educaci\u00f3n, hasta c\u00f3mo emplear su tiempo libre y c\u00f3mo reaccionar hacia otras personas. Los ejemplos positivos son importantes porque les dan a los ni\u00f1os alguien respetable a quien admirar.<\/p>\n<h3>Ejemplos positivos en la escuela<\/h3>\n<p>Los ni\u00f1os pasan mucho de su d\u00eda fuera del hogar, haciendo que los ejemplos positivos en la escuela sean tan importantes. Los maestros, el personal, las bibliotecarias, los entrenadores de deportes y los l\u00edderes de los clubes escolares pueden ser maravillosos modelos a seguir para los ni\u00f1os. Si trabajas con ni\u00f1os, conc\u00e9ntrate en ser la mejor persona que puedas sabiendo que un ni\u00f1o est\u00e1 viendo como act\u00faas y reaccionas a todo tipo de situaci\u00f3n. Evita usar obscenidades y palabras de enojo y se respetuoso con los dem\u00e1s.<\/p>\n<h3>Ejemplos positivos en la comunidad<\/h3>\n<p>Si est\u00e1s buscando un ejemplo a seguir positivo, busca en tu comunidad una persona as\u00ed. Por ejemplo, haz que tu hijo se involucre en programas de servicio a la comunidad o entregas de alimentos que se ofrecen en tu iglesia para mostrarles la importancia de devolver a la comunidad y ayudar a otros. Los vecinos y amigos pueden ser buenos ejemplos a seguir para los ni\u00f1os igual que los instructores y otros trabajadores adultos en el centro de recreaci\u00f3n local.<\/p>\n<h3>C\u00f3mo ser un buen modelo a seguir<\/h3>\n<p>Ense\u00f1a con el ejemplo y dale a tus hijo una persona positiva a quien admirar. S\u00e9 amable, amoroso, respetuoso, generoso y apasionado cuando est\u00e9s alrededor de tus hijos para mostrarles que mereces ser un modelo a seguir. Evita beber mucho, maldecir, gritar o hablar sobre otras personas. En lugar de ello, mu\u00e9strales que disfrutas ayudar a tus amigos y familiares, s\u00e9 maduro y responsable y recorta tus malos h\u00e1bitos como fumar cuando est\u00e9s cerca de tus hijos.<\/p>\n","protected":false},"excerpt":{"rendered":"<p>Los ejemplos positivos son importantes para todos como un modelo a seguir, pero son especialmente importantes para los ni\u00f1os porque los ayudan a decidir en qu\u00e9 tipo de persona se convertir\u00e1n. Los ejemplos positivos pueden encontrarse en cualquier lado: escuelas, iglesias, la casa de al lado o tu propio hogar. Por qu\u00e9 los modelos a &hellip;<\/p>\n","protected":false},"author":1,"featured_media":0,"parent":0,"menu_order":0,"comment_status":"closed","ping_status":"open","template":"","meta":{"footnotes":""},"class_list":["post-3513","page","type-page","status-publish",""],"publishpress_future_action":{"enabled":false,"date":"2026-04-11 23:29:46","action":"change-status","newStatus":"draft","terms":[],"taxonomy":"","extraData":[]},"publishpress_future_workflow_manual_trigger":{"enabledWorkflows":[]},"_links":{"self":[{"href":"https:\/\/www.rubendario.cl\/sitio\/wp-json\/wp\/v2\/pages\/3513","targetHints":{"allow":["GET"]}}],"collection":[{"href":"https:\/\/www.rubendario.cl\/sitio\/wp-json\/wp\/v2\/pages"}],"about":[{"href":"https:\/\/www.rubendario.cl\/sitio\/wp-json\/wp\/v2\/types\/page"}],"author":[{"embeddable":true,"href":"https:\/\/www.rubendario.cl\/sitio\/wp-json\/wp\/v2\/users\/1"}],"replies":[{"embeddable":true,"href":"https:\/\/www.rubendario.cl\/sitio\/wp-json\/wp\/v2\/comments?post=3513"}],"version-history":[{"count":0,"href":"https:\/\/www.rubendario.cl\/sitio\/wp-json\/wp\/v2\/pages\/3513\/revisions"}],"wp:attachment":[{"href":"https:\/\/www.rubendario.cl\/sitio\/wp-json\/wp\/v2\/media?parent=3513"}],"curies":[{"name":"wp","href":"https:\/\/api.w.org\/{rel}","templated":true}]}}