{"id":3739,"date":"2014-06-15T15:48:52","date_gmt":"2014-06-15T19:48:52","guid":{"rendered":"http:\/\/www.rubendario.cl\/sitio\/?page_id=3739"},"modified":"2014-06-15T15:48:52","modified_gmt":"2014-06-15T19:48:52","slug":"galeria-educacion-fisica-alumnos-de-prekinder-2014","status":"publish","type":"page","link":"https:\/\/www.rubendario.cl\/sitio\/galeria-educacion-fisica-alumnos-de-prekinder-2014\/","title":{"rendered":"Galer\u00eda: Educaci\u00f3n F\u00edsica, alumnos de PreKinder (2014)"},"content":{"rendered":"<p>Secuencia capturada el d\u00eda 27 de Mayo de 2014. Los ni\u00f1os estaban felices de practicar la clase de Educaci\u00f3n F\u00edsica. Moverse, recrearse y hacer actividad deportivo es fundamental para el desarrollo de toda persona, cuyo frutos se vuelven permanentes cuando se comienza a cultivar desde peque\u00f1os. El movimiento es intr\u00ednseco a nuestra naturaleza humana. Para los griegos, practicar educaci\u00f3n f\u00edsica ten\u00eda el mismo nivel de importancia que el estudio de las filosof\u00edas, matem\u00e1ticas y la m\u00fasica.<\/p>\n<p>Hacer educaci\u00f3n f\u00edsica conecta nuestro mente con nuestro cuerpo, nuestro \u00fanico veh\u00edculo de expresi\u00f3n. Estimulemos la pr\u00e1ctica de la educaci\u00f3n f\u00edsica y el deporte.<\/p>\n<div id='gallery-1' class='gallery galleryid-3739 gallery-columns-3 gallery-size-thumbnail'><figure class='gallery-item'>\n\t\t\t<div class='gallery-icon landscape'>\n\t\t\t\t<a href='https:\/\/www.rubendario.cl\/sitio\/galeria-educacion-fisica-alumnos-de-prekinder-2014\/01-6\/'><img loading=\"lazy\" decoding=\"async\" width=\"150\" height=\"150\" src=\"https:\/\/www.rubendario.cl\/sitio\/wp-content\/uploads\/2014\/06\/01-150x150.jpg\" class=\"attachment-thumbnail size-thumbnail\" alt=\"\" \/><\/a>\n\t\t\t<\/div><\/figure><figure class='gallery-item'>\n\t\t\t<div class='gallery-icon landscape'>\n\t\t\t\t<a href='https:\/\/www.rubendario.cl\/sitio\/galeria-educacion-fisica-alumnos-de-prekinder-2014\/02-8\/'><img loading=\"lazy\" decoding=\"async\" width=\"150\" height=\"150\" src=\"https:\/\/www.rubendario.cl\/sitio\/wp-content\/uploads\/2014\/06\/02-150x150.jpg\" class=\"attachment-thumbnail size-thumbnail\" alt=\"\" \/><\/a>\n\t\t\t<\/div><\/figure><figure class='gallery-item'>\n\t\t\t<div class='gallery-icon landscape'>\n\t\t\t\t<a href='https:\/\/www.rubendario.cl\/sitio\/galeria-educacion-fisica-alumnos-de-prekinder-2014\/03-7\/'><img loading=\"lazy\" decoding=\"async\" width=\"150\" height=\"150\" src=\"https:\/\/www.rubendario.cl\/sitio\/wp-content\/uploads\/2014\/06\/03-150x150.jpg\" class=\"attachment-thumbnail size-thumbnail\" alt=\"\" \/><\/a>\n\t\t\t<\/div><\/figure><figure class='gallery-item'>\n\t\t\t<div class='gallery-icon landscape'>\n\t\t\t\t<a href='https:\/\/www.rubendario.cl\/sitio\/galeria-educacion-fisica-alumnos-de-prekinder-2014\/04-5\/'><img loading=\"lazy\" decoding=\"async\" width=\"150\" height=\"150\" src=\"https:\/\/www.rubendario.cl\/sitio\/wp-content\/uploads\/2014\/06\/04-150x150.jpg\" class=\"attachment-thumbnail size-thumbnail\" alt=\"\" \/><\/a>\n\t\t\t<\/div><\/figure><figure class='gallery-item'>\n\t\t\t<div class='gallery-icon landscape'>\n\t\t\t\t<a href='https:\/\/www.rubendario.cl\/sitio\/galeria-educacion-fisica-alumnos-de-prekinder-2014\/05-5\/'><img loading=\"lazy\" decoding=\"async\" width=\"150\" height=\"150\" src=\"https:\/\/www.rubendario.cl\/sitio\/wp-content\/uploads\/2014\/06\/05-150x150.jpg\" class=\"attachment-thumbnail size-thumbnail\" alt=\"\" \/><\/a>\n\t\t\t<\/div><\/figure><figure class='gallery-item'>\n\t\t\t<div class='gallery-icon landscape'>\n\t\t\t\t<a href='https:\/\/www.rubendario.cl\/sitio\/galeria-educacion-fisica-alumnos-de-prekinder-2014\/06-5\/'><img loading=\"lazy\" decoding=\"async\" width=\"150\" height=\"150\" src=\"https:\/\/www.rubendario.cl\/sitio\/wp-content\/uploads\/2014\/06\/06-150x150.jpg\" class=\"attachment-thumbnail size-thumbnail\" alt=\"\" \/><\/a>\n\t\t\t<\/div><\/figure><figure class='gallery-item'>\n\t\t\t<div class='gallery-icon landscape'>\n\t\t\t\t<a href='https:\/\/www.rubendario.cl\/sitio\/galeria-educacion-fisica-alumnos-de-prekinder-2014\/07-5\/'><img loading=\"lazy\" decoding=\"async\" width=\"150\" height=\"150\" src=\"https:\/\/www.rubendario.cl\/sitio\/wp-content\/uploads\/2014\/06\/07-150x150.jpg\" class=\"attachment-thumbnail size-thumbnail\" alt=\"\" \/><\/a>\n\t\t\t<\/div><\/figure>\n\t\t<\/div>\n\n<p>&nbsp;<\/p>\n","protected":false},"excerpt":{"rendered":"<p>Secuencia capturada el d\u00eda 27 de Mayo de 2014. Los ni\u00f1os estaban felices de practicar la clase de Educaci\u00f3n F\u00edsica. Moverse, recrearse y hacer actividad deportivo es fundamental para el desarrollo de toda persona, cuyo frutos se vuelven permanentes cuando se comienza a cultivar desde peque\u00f1os. El movimiento es intr\u00ednseco a nuestra naturaleza humana. Para &hellip;<\/p>\n","protected":false},"author":1,"featured_media":0,"parent":0,"menu_order":0,"comment_status":"closed","ping_status":"open","template":"","meta":{"footnotes":""},"class_list":["post-3739","page","type-page","status-publish",""],"publishpress_future_action":{"enabled":false,"date":"2026-04-26 05:42:47","action":"change-status","newStatus":"draft","terms":[],"taxonomy":"","extraData":[]},"publishpress_future_workflow_manual_trigger":{"enabledWorkflows":[]},"_links":{"self":[{"href":"https:\/\/www.rubendario.cl\/sitio\/wp-json\/wp\/v2\/pages\/3739","targetHints":{"allow":["GET"]}}],"collection":[{"href":"https:\/\/www.rubendario.cl\/sitio\/wp-json\/wp\/v2\/pages"}],"about":[{"href":"https:\/\/www.rubendario.cl\/sitio\/wp-json\/wp\/v2\/types\/page"}],"author":[{"embeddable":true,"href":"https:\/\/www.rubendario.cl\/sitio\/wp-json\/wp\/v2\/users\/1"}],"replies":[{"embeddable":true,"href":"https:\/\/www.rubendario.cl\/sitio\/wp-json\/wp\/v2\/comments?post=3739"}],"version-history":[{"count":0,"href":"https:\/\/www.rubendario.cl\/sitio\/wp-json\/wp\/v2\/pages\/3739\/revisions"}],"wp:attachment":[{"href":"https:\/\/www.rubendario.cl\/sitio\/wp-json\/wp\/v2\/media?parent=3739"}],"curies":[{"name":"wp","href":"https:\/\/api.w.org\/{rel}","templated":true}]}}