{"id":4016,"date":"2014-06-27T01:59:36","date_gmt":"2014-06-27T05:59:36","guid":{"rendered":"http:\/\/www.rubendario.cl\/sitio\/?page_id=4016"},"modified":"2014-06-27T02:11:59","modified_gmt":"2014-06-27T06:11:59","slug":"charla-motivacional-con-amaro-gomez-pablos","status":"publish","type":"page","link":"https:\/\/www.rubendario.cl\/sitio\/charla-motivacional-con-amaro-gomez-pablos\/","title":{"rendered":"Charla Motivacional con Amaro G\u00f3mez-Pablos"},"content":{"rendered":"<p style=\"text-align: center;\"><iframe loading=\"lazy\" src=\"\/\/www.youtube.com\/embed\/iOgkyxrEa9k?rel=0\" frameborder=\"0\" width=\"600\" height=\"338\"><\/iframe><\/p>\n<p>Una excelente charla motivacional tuvo lugar en el Colegio para nuestros alumnos y alumnas de tercero y cuarto medio. En la oportunidad el destacado periodista Chileno-Espa\u00f1ol <strong>AMARO G\u00d3MEZ-PABLOS<\/strong> entreg\u00f3 significativos mensajes desde su experiencia profesional y personal a los j\u00f3venes que participaron con mucha atenci\u00f3n y con importantes preguntas que contribuyeron para que esta experiencia se desarrollara en un ambiente de hermosa convivencia.<\/p>\n<p>Agradecemos la presencia de Amaro, quien acept\u00f3 ad honorem la invitaci\u00f3n para entregar su experiencia de vida como estimulo a nuestros alumnos que enfrentar\u00e1n pronto un nuevo proceso acad\u00e9mico para sus estudios superiores. De igual forma destacamos la oportuna gesti\u00f3n de nuestro apoderado <strong>Aldo Rodr\u00edguez<\/strong>, quien como compa\u00f1ero de trabajo, realiz\u00f3 lo necesario para contar con la presencia de tan notable profesional. Y, por supuesto, felicitamos a nuestro alumnado por la seriedad y respeto mostrado en esta charla, de la cual estamos seguros sabr\u00e1n sacar las ense\u00f1anzas para vuestro beneficio.<\/p>\n<p><strong>Carlos Garrido Rojas<\/strong><br \/>\nDirector<\/p>\n<div id='gallery-1' class='gallery galleryid-4016 gallery-columns-3 gallery-size-thumbnail'><figure class='gallery-item'>\n\t\t\t<div class='gallery-icon landscape'>\n\t\t\t\t<a href='https:\/\/www.rubendario.cl\/sitio\/charla-motivacional-con-amaro-gomez-pablos\/img_7922-1-2\/'><img loading=\"lazy\" decoding=\"async\" width=\"150\" height=\"150\" src=\"https:\/\/www.rubendario.cl\/sitio\/wp-content\/uploads\/2014\/06\/IMG_7922-11-150x150.jpg\" class=\"attachment-thumbnail size-thumbnail\" alt=\"\" \/><\/a>\n\t\t\t<\/div><\/figure><figure class='gallery-item'>\n\t\t\t<div class='gallery-icon landscape'>\n\t\t\t\t<a href='https:\/\/www.rubendario.cl\/sitio\/charla-motivacional-con-amaro-gomez-pablos\/img_7923-2-2\/'><img loading=\"lazy\" decoding=\"async\" width=\"150\" height=\"150\" src=\"https:\/\/www.rubendario.cl\/sitio\/wp-content\/uploads\/2014\/06\/IMG_7923-21-150x150.jpg\" class=\"attachment-thumbnail size-thumbnail\" alt=\"\" \/><\/a>\n\t\t\t<\/div><\/figure><figure class='gallery-item'>\n\t\t\t<div class='gallery-icon landscape'>\n\t\t\t\t<a href='https:\/\/www.rubendario.cl\/sitio\/charla-motivacional-con-amaro-gomez-pablos\/img_7924-3-2\/'><img loading=\"lazy\" decoding=\"async\" width=\"150\" height=\"150\" src=\"https:\/\/www.rubendario.cl\/sitio\/wp-content\/uploads\/2014\/06\/IMG_7924-31-150x150.jpg\" class=\"attachment-thumbnail size-thumbnail\" alt=\"\" \/><\/a>\n\t\t\t<\/div><\/figure><figure class='gallery-item'>\n\t\t\t<div class='gallery-icon landscape'>\n\t\t\t\t<a href='https:\/\/www.rubendario.cl\/sitio\/charla-motivacional-con-amaro-gomez-pablos\/img_7926-5-2\/'><img loading=\"lazy\" decoding=\"async\" width=\"150\" height=\"150\" src=\"https:\/\/www.rubendario.cl\/sitio\/wp-content\/uploads\/2014\/06\/IMG_7926-51-150x150.jpg\" class=\"attachment-thumbnail size-thumbnail\" alt=\"\" \/><\/a>\n\t\t\t<\/div><\/figure><figure class='gallery-item'>\n\t\t\t<div class='gallery-icon landscape'>\n\t\t\t\t<a href='https:\/\/www.rubendario.cl\/sitio\/charla-motivacional-con-amaro-gomez-pablos\/img_7927-2\/'><img loading=\"lazy\" decoding=\"async\" width=\"150\" height=\"150\" src=\"https:\/\/www.rubendario.cl\/sitio\/wp-content\/uploads\/2014\/06\/IMG_79271-150x150.jpg\" class=\"attachment-thumbnail size-thumbnail\" alt=\"\" \/><\/a>\n\t\t\t<\/div><\/figure><figure class='gallery-item'>\n\t\t\t<div class='gallery-icon landscape'>\n\t\t\t\t<a href='https:\/\/www.rubendario.cl\/sitio\/charla-motivacional-con-amaro-gomez-pablos\/img_7929-6-2\/'><img loading=\"lazy\" decoding=\"async\" width=\"150\" height=\"150\" src=\"https:\/\/www.rubendario.cl\/sitio\/wp-content\/uploads\/2014\/06\/IMG_7929-61-150x150.jpg\" class=\"attachment-thumbnail size-thumbnail\" alt=\"\" \/><\/a>\n\t\t\t<\/div><\/figure><figure class='gallery-item'>\n\t\t\t<div class='gallery-icon landscape'>\n\t\t\t\t<a href='https:\/\/www.rubendario.cl\/sitio\/charla-motivacional-con-amaro-gomez-pablos\/img_7934-8-2\/'><img loading=\"lazy\" decoding=\"async\" width=\"150\" height=\"150\" src=\"https:\/\/www.rubendario.cl\/sitio\/wp-content\/uploads\/2014\/06\/IMG_7934-81-150x150.jpg\" class=\"attachment-thumbnail size-thumbnail\" alt=\"\" \/><\/a>\n\t\t\t<\/div><\/figure><figure class='gallery-item'>\n\t\t\t<div class='gallery-icon landscape'>\n\t\t\t\t<a href='https:\/\/www.rubendario.cl\/sitio\/charla-motivacional-con-amaro-gomez-pablos\/img_7935-9-2\/'><img loading=\"lazy\" decoding=\"async\" width=\"150\" height=\"150\" src=\"https:\/\/www.rubendario.cl\/sitio\/wp-content\/uploads\/2014\/06\/IMG_7935-91-150x150.jpg\" class=\"attachment-thumbnail size-thumbnail\" alt=\"\" \/><\/a>\n\t\t\t<\/div><\/figure><figure class='gallery-item'>\n\t\t\t<div class='gallery-icon landscape'>\n\t\t\t\t<a href='https:\/\/www.rubendario.cl\/sitio\/charla-motivacional-con-amaro-gomez-pablos\/img_7939-11-2\/'><img loading=\"lazy\" decoding=\"async\" width=\"150\" height=\"150\" src=\"https:\/\/www.rubendario.cl\/sitio\/wp-content\/uploads\/2014\/06\/IMG_7939-111-150x150.jpg\" class=\"attachment-thumbnail size-thumbnail\" alt=\"\" \/><\/a>\n\t\t\t<\/div><\/figure><figure class='gallery-item'>\n\t\t\t<div class='gallery-icon landscape'>\n\t\t\t\t<a href='https:\/\/www.rubendario.cl\/sitio\/charla-motivacional-con-amaro-gomez-pablos\/img_7941-12-2\/'><img loading=\"lazy\" decoding=\"async\" width=\"150\" height=\"150\" src=\"https:\/\/www.rubendario.cl\/sitio\/wp-content\/uploads\/2014\/06\/IMG_7941-121-150x150.jpg\" class=\"attachment-thumbnail size-thumbnail\" alt=\"\" \/><\/a>\n\t\t\t<\/div><\/figure><figure class='gallery-item'>\n\t\t\t<div class='gallery-icon landscape'>\n\t\t\t\t<a href='https:\/\/www.rubendario.cl\/sitio\/charla-motivacional-con-amaro-gomez-pablos\/img_7946-14-2\/'><img loading=\"lazy\" decoding=\"async\" width=\"150\" height=\"150\" src=\"https:\/\/www.rubendario.cl\/sitio\/wp-content\/uploads\/2014\/06\/IMG_7946-141-150x150.jpg\" class=\"attachment-thumbnail size-thumbnail\" alt=\"\" \/><\/a>\n\t\t\t<\/div><\/figure><figure class='gallery-item'>\n\t\t\t<div class='gallery-icon landscape'>\n\t\t\t\t<a href='https:\/\/www.rubendario.cl\/sitio\/charla-motivacional-con-amaro-gomez-pablos\/img_7960-22-2\/'><img loading=\"lazy\" decoding=\"async\" width=\"150\" height=\"150\" src=\"https:\/\/www.rubendario.cl\/sitio\/wp-content\/uploads\/2014\/06\/IMG_7960-221-150x150.jpg\" class=\"attachment-thumbnail size-thumbnail\" alt=\"\" \/><\/a>\n\t\t\t<\/div><\/figure><figure class='gallery-item'>\n\t\t\t<div class='gallery-icon landscape'>\n\t\t\t\t<a href='https:\/\/www.rubendario.cl\/sitio\/charla-motivacional-con-amaro-gomez-pablos\/img_7968-26-2\/'><img loading=\"lazy\" decoding=\"async\" width=\"150\" height=\"150\" src=\"https:\/\/www.rubendario.cl\/sitio\/wp-content\/uploads\/2014\/06\/IMG_7968-261-150x150.jpg\" class=\"attachment-thumbnail size-thumbnail\" alt=\"\" \/><\/a>\n\t\t\t<\/div><\/figure><figure class='gallery-item'>\n\t\t\t<div class='gallery-icon landscape'>\n\t\t\t\t<a href='https:\/\/www.rubendario.cl\/sitio\/charla-motivacional-con-amaro-gomez-pablos\/img_7974-28-2\/'><img loading=\"lazy\" decoding=\"async\" width=\"150\" height=\"150\" src=\"https:\/\/www.rubendario.cl\/sitio\/wp-content\/uploads\/2014\/06\/IMG_7974-281-150x150.jpg\" class=\"attachment-thumbnail size-thumbnail\" alt=\"\" \/><\/a>\n\t\t\t<\/div><\/figure><figure class='gallery-item'>\n\t\t\t<div class='gallery-icon landscape'>\n\t\t\t\t<a href='https:\/\/www.rubendario.cl\/sitio\/charla-motivacional-con-amaro-gomez-pablos\/img_7977-31-2\/'><img loading=\"lazy\" decoding=\"async\" width=\"150\" height=\"150\" src=\"https:\/\/www.rubendario.cl\/sitio\/wp-content\/uploads\/2014\/06\/IMG_7977-311-150x150.jpg\" class=\"attachment-thumbnail size-thumbnail\" alt=\"\" \/><\/a>\n\t\t\t<\/div><\/figure><figure class='gallery-item'>\n\t\t\t<div class='gallery-icon landscape'>\n\t\t\t\t<a href='https:\/\/www.rubendario.cl\/sitio\/charla-motivacional-con-amaro-gomez-pablos\/img_7981-34-2\/'><img loading=\"lazy\" decoding=\"async\" width=\"150\" height=\"150\" src=\"https:\/\/www.rubendario.cl\/sitio\/wp-content\/uploads\/2014\/06\/IMG_7981-341-150x150.jpg\" class=\"attachment-thumbnail size-thumbnail\" alt=\"\" \/><\/a>\n\t\t\t<\/div><\/figure><figure class='gallery-item'>\n\t\t\t<div class='gallery-icon landscape'>\n\t\t\t\t<a href='https:\/\/www.rubendario.cl\/sitio\/charla-motivacional-con-amaro-gomez-pablos\/img_7983-35-2\/'><img loading=\"lazy\" decoding=\"async\" width=\"150\" height=\"150\" src=\"https:\/\/www.rubendario.cl\/sitio\/wp-content\/uploads\/2014\/06\/IMG_7983-351-150x150.jpg\" class=\"attachment-thumbnail size-thumbnail\" alt=\"\" \/><\/a>\n\t\t\t<\/div><\/figure>\n\t\t<\/div>\n\n<p>&nbsp;<\/p>\n","protected":false},"excerpt":{"rendered":"<p>Una excelente charla motivacional tuvo lugar en el Colegio para nuestros alumnos y alumnas de tercero y cuarto medio. En la oportunidad el destacado periodista Chileno-Espa\u00f1ol AMARO G\u00d3MEZ-PABLOS entreg\u00f3 significativos mensajes desde su experiencia profesional y personal a los j\u00f3venes que participaron con mucha atenci\u00f3n y con importantes preguntas que contribuyeron para que esta experiencia &hellip;<\/p>\n","protected":false},"author":1,"featured_media":0,"parent":0,"menu_order":0,"comment_status":"closed","ping_status":"open","template":"","meta":{"footnotes":""},"class_list":["post-4016","page","type-page","status-publish",""],"publishpress_future_action":{"enabled":false,"date":"2026-05-09 11:03:48","action":"change-status","newStatus":"draft","terms":[],"taxonomy":"","extraData":[]},"publishpress_future_workflow_manual_trigger":{"enabledWorkflows":[]},"_links":{"self":[{"href":"https:\/\/www.rubendario.cl\/sitio\/wp-json\/wp\/v2\/pages\/4016","targetHints":{"allow":["GET"]}}],"collection":[{"href":"https:\/\/www.rubendario.cl\/sitio\/wp-json\/wp\/v2\/pages"}],"about":[{"href":"https:\/\/www.rubendario.cl\/sitio\/wp-json\/wp\/v2\/types\/page"}],"author":[{"embeddable":true,"href":"https:\/\/www.rubendario.cl\/sitio\/wp-json\/wp\/v2\/users\/1"}],"replies":[{"embeddable":true,"href":"https:\/\/www.rubendario.cl\/sitio\/wp-json\/wp\/v2\/comments?post=4016"}],"version-history":[{"count":0,"href":"https:\/\/www.rubendario.cl\/sitio\/wp-json\/wp\/v2\/pages\/4016\/revisions"}],"wp:attachment":[{"href":"https:\/\/www.rubendario.cl\/sitio\/wp-json\/wp\/v2\/media?parent=4016"}],"curies":[{"name":"wp","href":"https:\/\/api.w.org\/{rel}","templated":true}]}}