{"id":4337,"date":"2014-08-29T21:51:05","date_gmt":"2014-08-30T01:51:05","guid":{"rendered":"http:\/\/www.rubendario.cl\/sitio\/?page_id=4337"},"modified":"2014-08-29T23:38:34","modified_gmt":"2014-08-30T03:38:34","slug":"identidad-nacional","status":"publish","type":"page","link":"https:\/\/www.rubendario.cl\/sitio\/identidad-nacional\/","title":{"rendered":"Identidad Nacional"},"content":{"rendered":"<p><img loading=\"lazy\" decoding=\"async\" class=\"alignleft size-full wp-image-4338\" title=\"\" src=\"http:\/\/www.rubendario.cl\/sitio\/wp-content\/uploads\/2014\/08\/identidad.jpg\" alt=\"\" width=\"300\" height=\"549\" srcset=\"https:\/\/www.rubendario.cl\/sitio\/wp-content\/uploads\/2014\/08\/identidad.jpg 300w, https:\/\/www.rubendario.cl\/sitio\/wp-content\/uploads\/2014\/08\/identidad-251x460.jpg 251w\" sizes=\"auto, (max-width: 300px) 100vw, 300px\" \/>Es indiscutible que los chilenos vivimos realidades diferentes. Niveles socioecon\u00f3micos, pensamientos pol\u00edticos, religiones, calidad educativa etc; influyen en ello. Cada regi\u00f3n del pa\u00eds tiene sus propias tradiciones, comidas t\u00edpicas, m\u00fasica, bailes y hasta la forma de vivir la fe es distinta. A pesar de todas estas diferencias culturales y sociales hay algo que nos une a todos los chilenos \u00bfExiste realmente una identidad chilena? \u00bfQu\u00e9 es \u201ceso\u201d que nos une a todos? \u00bfCu\u00e1les son los factores que la componen? \u00bfSufre alg\u00fan tipo de evoluci\u00f3n, o es siempre la misma?<\/p>\n<p>Para poder responder todas estas preguntas, primero hay que distinguir un concepto clave: Identidad. El Diccionario de la Real Academia Espa\u00f1ola define identidad como \u201cconjunto de rasgos propios de un individuo o de una colectividad que los caracterizan frente a los dem\u00e1s\u201d.<\/p>\n<p>La cultura chilena se ha caracterizado por ser particularmente \u00fanica. Muy distinta a todas las culturas latinoamericana. Esto sucede, principalmente como consecuencia de la geograf\u00eda muy especial que posee nuestro pa\u00eds. Nos separan del resto de los pueblos latinoamericanos una cordillera de m\u00e1s de 4.200 metros de largo, que va de norte a sur y que alcanza en algunos lugares alturas mayores a los 6.000 metros; el desierto m\u00e1s seco del mundo; y miles de kil\u00f3metros de extenso mar. Barreras no muy f\u00e1ciles de superar, lo que nos ha llevado a estar apartados del resto del mundo, como si vivi\u00e9semos en nuestra propia isla.<\/p>\n<p>Jorge Larra\u00edn en su \u00faltimo libro \u201cIdentidad Chilena\u201d, con respecto a la identidad de nuestro pa\u00eds dice: \u201cEn Chile, la modernidad tanto como la identidad cultural son procesos que se van construyendo hist\u00f3ricamente\u201d. Cuando Chile era parte de la colonia Espa\u00f1ola, y estaba bajo el mando de los reyes, era una m\u00e1s de las tierras conquistadas. Hablaban el mismo idioma, ten\u00edan la misma religi\u00f3n y la misma importancia ante los ojos de los monarcas espa\u00f1oles que los virreinatos vecinos. El proceso de formaci\u00f3n y evoluci\u00f3n del pueblo chileno como tal, comienza junto con el per\u00edodo de la Independencia y el desligue de la Corona Espa\u00f1ola. Chile es un pa\u00eds mestizo, es decir sus habitantes son una \u201cmezcla\u201d de espa\u00f1oles e ind\u00edgenas, as\u00ed como son tambi\u00e9n sus tradiciones y costumbres. Desde esta etapa hasta hoy; nuestra identidad ha seguido evolucionando.<\/p>\n<p>Actualmente Chile esta creciendo en el plano econ\u00f3mico; firmando Tratados de Libre Comercio con algunas de las potencias m\u00e1s importantes a nivel mundial, como son por ejemplo, Jap\u00f3n, Corea, Estados Unidos, entre otros. Lo que nos ha llevado a centrarnos en otros objetivos. Ligado a este crecimiento, viene la globalizaci\u00f3n, que ha tenido como consecuencia que se pierda cada vez m\u00e1s lo aut\u00f3ctono del chileno.<\/p>\n<p>Si miramos al prototipo chileno del campo, el huaso, este simboliza casi un emblema nacional: tranquilo, bruto, sacador de vuelta, bueno para el vino y la chicha, coqueto, ladino, simp\u00e1tico e ingenioso. Y en el lado femenino, la huasita coqueta, trabajadora, la que generalmente es la que saca a su familia adelante, la que hace las mejores cazuelas y empanadas de pino.<\/p>\n<p>Dentro de la parte folcl\u00f3rica, se encuentra la cueca, en la zona central. La cual, lamentablemente es dejada m\u00e1s de lado, y reemplazada por cumbias y salsas en las fondas todos los 18 de septiembre. En el norte, est\u00e1 la fiesta de la Tirana entre otras. En el sur, el vals chilote, el costillar etc.<\/p>\n<p>Nuestra tradici\u00f3n culinaria tambi\u00e9n nos representa. La chicha, el vino, los porotos con rienda, el tomatic\u00e1n, el ajiaco, el pebre y el pan amasado, el pan de huevo, los empolvados y los chilenitos. Tambi\u00e9n hay que tener en cuenta los platos nortinos y los del sur como la cazuela chilota, curanto y el caldillo de congrio, tan chileno que hasta el mismo Pablo Neruda lo homenajeo, con una oda.<\/p>\n<p>El chileno se caracteriza, por su forma de hablar. La cantidad de modismos y de palabras inventadas, algunos tradicionales dichos nos han llevado a crear una derivaci\u00f3n del espa\u00f1ol. Otros pa\u00edses de habla hispana, se refieren a nuestra forma de hablar \u201ccomo si cant\u00e1ramos\u201d, y la mayor\u00eda de ellos al escuchar la palabra \u201ccachai\u201d no saben de lo que se les est\u00e1 hablando y tampoco entienden que en Chile todas las conjugaciones de los verbos terminen en \u201c-\u00ed\u201d (\u00bfTen\u00ed un l\u00e1piz?) o que las eses al final de las palabras plurales tampoco sean pronunciadas (Hey, me \u201cprestai\u201d esos \u201clibro\u201d). El chileno tiende ha hablar en diminutivos. \u00bfPorque? Nadie lo sabe con certeza. La \u00fanica respuesta que encuentro para esta pregunta es que forma parte de nuestra identidad. Otro aspecto muy relevante de nuestra \u201cjerga chilena\u201d, y talvez el m\u00e1s importante, es \u201cesa palabra\u201d que todo chileno conoce. Es tan popular y tan conocido, que ya ha pasado a ser parte del vocabulario cotidiano de muchas personas. Es tan \u201cimportante\u201d dentro de nuestro vocabulario, que es utilizado como verbo, en todas sus conjugaciones, como sustantivo y como adjetivo. Tambi\u00e9n se puede utilizar para ambos g\u00e9neros, femenino y masculino; y tiene sus respectivos diminutivos. Incluso, fue incluida en la \u00faltima edici\u00f3n del Diccionario de la Real Academia Espa\u00f1ola, junto con otros dichos y palabras.<\/p>\n<p>Alberto Cabero opina que los chilenos somos patriotas y ego\u00edstas; hospitalarios y duros; fraternales; religiosos y fatalistas; supersticiosos; sufridos; pesimista etc.<\/p>\n<p>Benjam\u00edn Subercaseaux, piensa que hay una psicolog\u00eda nacional donde destaca rasgos de tipo depresivo, imposibilidad de vivir la vida dentro del presente, vivimos obsesionados con el ayer o con el ma\u00f1ana, pero descuidamos el presente. El chileno es un ser a disgusto, desconfiado, t\u00edmido, sensible, mediocre y todo esto se lo atribuye al clima de grandes oscilaciones t\u00e9rmicas y una geograf\u00eda de car\u00e1cter insular.<\/p>\n<p>Hern\u00e1n Godoy, coincide en que el chileno tiene un car\u00e1cter especial, fuertemente influenciado por la geograf\u00eda de su pa\u00eds. Sin embargo, enfatiza los aspectos positivos como la voluntad, la sobriedad, el esp\u00edritu democr\u00e1tico, la tenacidad y la lucha por la justicia, el estoicismo, calidez y afecto.<\/p>\n<p>Otro rasgo muy importante es la inseguridad del chileno. Siempre se siente inferior frente a los extranjeros (s\u00f3lo \u201cgringos\u201d y europeos); dej\u00e1ndose explotar. S\u00f3lo basta ver la pel\u00edcula \u201cSubterra\u201d, o tomar como ejemplo las salitreras del norte, como Humberstone. Esta inseguridad se debe a que Chile es a\u00fan un pa\u00eds muy joven, y precisamente por eso fuimos explotados por pa\u00edses desarrollados, y lo somos a\u00fan de manera distinta (consumismo etc.). Cada vez hay m\u00e1s conciencia y a ra\u00edz de ello, vamos adquiriendo seguridad para posicionarnos frente al mundo, y especialmente destacarnos en Latinoam\u00e9rica.<\/p>\n<p>El ser un pa\u00eds tan joven, nos crea la necesidad de preguntarnos quienes somos, al darnos cuenta que s\u00f3lo faltan seis a\u00f1os para el bicentenario de nuestra patria y nadie tiene muy claro lo que significa hoy ser chileno. Es por esta misma raz\u00f3n, que este ensayo adquiere importancia.<\/p>\n<p>A modo de conclusi\u00f3n, puedo decir que la identidad chilena es un proceso que se va desarrollando lentamente a trav\u00e9s de los a\u00f1os. La cual est\u00e1 fuertemente determinada por la ubicaci\u00f3n y caracter\u00edsticas geogr\u00e1ficas de nuestro territorio y la historia de los primeros habitantes y sus costumbres.<\/p>\n<p>Es indiscutible que la globalizaci\u00f3n influir\u00e1 en este proceso, pero la base siempre ser\u00e1 la misma. Ya podemos observar como en las en las ciudades hay grandes influencias extranjeras; no as\u00ed en las zonas rurales donde nuestra identidad se mantiene m\u00e1s arraigada, sobretodo en la gente mayor.<\/p>\n<p>Chile deber\u00eda ser capaz de adaptar los aportes culturales for\u00e1neos a nuestra propia cultura, creando as\u00ed un modelo diferente que se ajuste a nuestra idiosincrasia.<\/p>\n","protected":false},"excerpt":{"rendered":"<p>Es indiscutible que los chilenos vivimos realidades diferentes. Niveles socioecon\u00f3micos, pensamientos pol\u00edticos, religiones, calidad educativa etc; influyen en ello. Cada regi\u00f3n del pa\u00eds tiene sus propias tradiciones, comidas t\u00edpicas, m\u00fasica, bailes y hasta la forma de vivir la fe es distinta. A pesar de todas estas diferencias culturales y sociales hay algo que nos une &hellip;<\/p>\n","protected":false},"author":1,"featured_media":0,"parent":0,"menu_order":0,"comment_status":"closed","ping_status":"open","template":"","meta":{"footnotes":""},"class_list":["post-4337","page","type-page","status-publish",""],"publishpress_future_action":{"enabled":false,"date":"2026-05-08 11:56:25","action":"change-status","newStatus":"draft","terms":[],"taxonomy":"","extraData":[]},"publishpress_future_workflow_manual_trigger":{"enabledWorkflows":[]},"_links":{"self":[{"href":"https:\/\/www.rubendario.cl\/sitio\/wp-json\/wp\/v2\/pages\/4337","targetHints":{"allow":["GET"]}}],"collection":[{"href":"https:\/\/www.rubendario.cl\/sitio\/wp-json\/wp\/v2\/pages"}],"about":[{"href":"https:\/\/www.rubendario.cl\/sitio\/wp-json\/wp\/v2\/types\/page"}],"author":[{"embeddable":true,"href":"https:\/\/www.rubendario.cl\/sitio\/wp-json\/wp\/v2\/users\/1"}],"replies":[{"embeddable":true,"href":"https:\/\/www.rubendario.cl\/sitio\/wp-json\/wp\/v2\/comments?post=4337"}],"version-history":[{"count":0,"href":"https:\/\/www.rubendario.cl\/sitio\/wp-json\/wp\/v2\/pages\/4337\/revisions"}],"wp:attachment":[{"href":"https:\/\/www.rubendario.cl\/sitio\/wp-json\/wp\/v2\/media?parent=4337"}],"curies":[{"name":"wp","href":"https:\/\/api.w.org\/{rel}","templated":true}]}}