{"id":44,"date":"2010-09-29T10:19:34","date_gmt":"2010-09-29T14:19:34","guid":{"rendered":"http:\/\/rubendario.cl\/sitio\/"},"modified":"2014-06-22T23:00:41","modified_gmt":"2014-06-23T03:00:41","slug":"gestion-y-resultados","status":"publish","type":"page","link":"https:\/\/www.rubendario.cl\/sitio\/gestion-y-resultados\/","title":{"rendered":"Gesti\u00f3n y Resultados 2014"},"content":{"rendered":"<p>A continuaci\u00f3n, les presentamos el informe anual de Gesti\u00f3n y Resultados correspondiente al a\u00f1o 2014. Les invitamos a que lo descarguen y lo revisen con detenci\u00f3n.<\/p>\n<p><a href=\"http:\/\/www.rubendario.cl\/sitio\/wp-content\/uploads\/2014\/06\/r-institucionales2014.pdf\"><img loading=\"lazy\" decoding=\"async\" class=\"alignleft size-full wp-image-436\" src=\"http:\/\/www.rubendario.cl\/sitio\/wp-content\/uploads\/2011\/04\/descargaraqui.jpg\" alt=\"\" width=\"200\" height=\"85\" \/><\/a><\/p>\n<p>&nbsp;<\/p>\n<p>&nbsp;<\/p>\n<p>&nbsp;<\/p>\n<hr style=\"width: 100%;\" width=\"100%\" \/>\n<p>Informamos la lista del n\u00famero de alumnos seleccionados por universidad durante el proceso de postulaci\u00f3n a\u00f1o 2014. Para consultar, haz clic en el siguiente enlace: <a href=\"http:\/\/www.rubendario.cl\/sitio\/seleccionados-por-universidad\/\">AQUI<\/a><\/p>\n<hr style=\"width: 100%;\" width=\"100%\" \/>\n<p><span style=\"color: #ff0000;\">P\u00e1gina actualizada al d\u00eda: 22 de Mayo de 2014<\/span><\/p>\n<p>&nbsp;<\/p>\n","protected":false},"excerpt":{"rendered":"<p>A continuaci\u00f3n, les presentamos el informe anual de Gesti\u00f3n y Resultados correspondiente al a\u00f1o 2014. Les invitamos a que lo descarguen y lo revisen con detenci\u00f3n. &nbsp; &nbsp; &nbsp; Informamos la lista del n\u00famero de alumnos seleccionados por universidad durante el proceso de postulaci\u00f3n a\u00f1o 2014. Para consultar, haz clic en el siguiente enlace: AQUI &hellip;<\/p>\n","protected":false},"author":1,"featured_media":0,"parent":0,"menu_order":0,"comment_status":"closed","ping_status":"closed","template":"","meta":{"footnotes":""},"class_list":["post-44","page","type-page","status-publish",""],"publishpress_future_action":{"enabled":false,"date":"2026-05-09 09:48:53","action":"change-status","newStatus":"draft","terms":[],"taxonomy":"","extraData":[]},"publishpress_future_workflow_manual_trigger":{"enabledWorkflows":[]},"_links":{"self":[{"href":"https:\/\/www.rubendario.cl\/sitio\/wp-json\/wp\/v2\/pages\/44","targetHints":{"allow":["GET"]}}],"collection":[{"href":"https:\/\/www.rubendario.cl\/sitio\/wp-json\/wp\/v2\/pages"}],"about":[{"href":"https:\/\/www.rubendario.cl\/sitio\/wp-json\/wp\/v2\/types\/page"}],"author":[{"embeddable":true,"href":"https:\/\/www.rubendario.cl\/sitio\/wp-json\/wp\/v2\/users\/1"}],"replies":[{"embeddable":true,"href":"https:\/\/www.rubendario.cl\/sitio\/wp-json\/wp\/v2\/comments?post=44"}],"version-history":[{"count":0,"href":"https:\/\/www.rubendario.cl\/sitio\/wp-json\/wp\/v2\/pages\/44\/revisions"}],"wp:attachment":[{"href":"https:\/\/www.rubendario.cl\/sitio\/wp-json\/wp\/v2\/media?parent=44"}],"curies":[{"name":"wp","href":"https:\/\/api.w.org\/{rel}","templated":true}]}}