{"id":5,"date":"2010-09-29T07:40:21","date_gmt":"2010-09-29T11:40:21","guid":{"rendered":"http:\/\/rubendario.cl\/sitio\/"},"modified":"2010-10-12T00:51:23","modified_gmt":"2010-10-12T04:51:23","slug":"nuestro-colegio","status":"publish","type":"page","link":"https:\/\/www.rubendario.cl\/sitio\/nuestro-colegio\/","title":{"rendered":"Nuestro Colegio"},"content":{"rendered":"<p><strong>COLEGIO POETA RUBEN DARIO<\/strong><\/p>\n<p>Un Colegio a su servicio\u2026<\/p>\n<p><strong><span style=\"text-decoration: underline;\"> <\/span><\/strong><\/p>\n<p style=\"text-align: center;\"><em>\u201c Margarita est\u00e1 linda la mar,<\/em><\/p>\n<p style=\"text-align: center;\"><em>y el viento<\/em><\/p>\n<p style=\"text-align: center;\"><em>lleva esencia sutil de azahar;<\/em><\/p>\n<p style=\"text-align: center;\"><em>yo siento<\/em><\/p>\n<p style=\"text-align: center;\"><em>en el alma una alondra cantar:<\/em><\/p>\n<p style=\"text-align: center;\"><em>tu acento.<\/em><\/p>\n<p style=\"text-align: center;\"><em>Margarita, te voy a contar un cuento.\u201d<\/em><\/p>\n<p style=\"text-align: center;\"><em> <\/em><\/p>\n<p style=\"text-align: center;\"><em>A Margarita<\/em><\/p>\n<p style=\"text-align: center;\"><em>Rub\u00e9n Dar\u00edo<\/em><\/p>\n<p style=\"text-align: center;\"><em><br \/>\n<object classid=\"clsid:d27cdb6e-ae6d-11cf-96b8-444553540000\" width=\"460\" height=\"283\" codebase=\"http:\/\/download.macromedia.com\/pub\/shockwave\/cabs\/flash\/swflash.cab#version=6,0,40,0\"><param name=\"allowFullScreen\" value=\"true\" \/><param name=\"allowscriptaccess\" value=\"always\" \/><param name=\"src\" value=\"http:\/\/www.youtube.com\/v\/p2NYu779tiU?fs=1&amp;hl=es_ES&amp;rel=0\" \/><param name=\"allowfullscreen\" value=\"true\" \/><embed type=\"application\/x-shockwave-flash\" width=\"460\" height=\"283\" src=\"http:\/\/www.youtube.com\/v\/p2NYu779tiU?fs=1&amp;hl=es_ES&amp;rel=0\" allowscriptaccess=\"always\" allowfullscreen=\"true\"><\/embed><\/object><br \/>\n<\/em><\/p>\n<p><em> <\/em><\/p>\n<p>Con estas palabras la ni\u00f1a de la antigua casona se reencontraba a diario con sus sue\u00f1os. Los cuentos de Margarita ser\u00edan la primera ilusi\u00f3n, ser\u00edan la primera idea de un sue\u00f1o que m\u00e1s tarde dejar\u00eda de ser un cuento por escuchar. Con el protagonismo propio de los grandes esp\u00edritus\u00a0 forjadores del futuro, llegar\u00eda el momento que se transformar\u00eda en un cuento por contar.<\/p>\n<p>La ni\u00f1a, con mayores proyectos y ambiciones, se convert\u00eda en madre y con ello descubre su vocaci\u00f3n por ense\u00f1ar. En cada rinc\u00f3n de la casona estaba el aprendizaje de un consejo sabio, se encontraba una muestra de consecuencia con los ideales y con el deber ser de las cosas. Era sin duda, un escenario plenamente favorable para que sobre estos pilares se construyera lo que hoy d\u00eda somos: un colegio.<\/p>\n<p>Esperamos que estas palabras se conviertan en un sentido homenaje a esa ni\u00f1a que so\u00f1aba con cuentos de verdad y con ense\u00f1anzas por dejar; a esa profesora que llen\u00f3 estas salas con sabidur\u00eda y tes\u00f3n; y especialmente, a esa mujer que con coraje supo sortear mil obst\u00e1culos para regalar felicidad a los dem\u00e1s. Es este nuestro reconocimiento a la fundadora del Colegio Poeta Rub\u00e9n Dar\u00edo, la <strong>Profesora\u00a0 Sra. Nora Galgani Cajales<\/strong>.<\/p>\n<p><br class=\"spacer_\" \/><\/p>\n<p><strong><span style=\"text-decoration: underline;\"> <\/span><\/strong><\/p>\n<p><strong>RESE\u00d1A HISTORICA:<\/strong><\/p>\n<p><strong><span style=\"text-decoration: underline;\"> <\/span><\/strong><\/p>\n<p>Nuestro Colegio abri\u00f3 sus puestas en marzo de 1981 y recoge su nombre del distinguido poeta nicarag\u00fcense Rub\u00e9n Dar\u00edo.<\/p>\n<p>En los primeros a\u00f1os se funcion\u00f3 con niveles de Pre-Kinder, Kinder, 1\u00b0 y 2\u00b0 B\u00e1sico. Desde esos tiempos, en los cuales, la casa quinta de la familia Galgani Cajales se transform\u00f3 en el\u00a0 inicio de una hermosa quimera vocacional, iniciamos un servicio educativo caracterizado en crear un ambiente educativo c\u00e1lido y pleno de oportunidades para el desarrollo personal.<\/p>\n<p>Ya a 29 a\u00f1os de nuestra fundaci\u00f3n, podemos validar las primeras convicciones y\u00a0 mirar con seguridad los nuevos desaf\u00edos del milenio. En la actualidad contamos con 2 edificios que albergan respectivamente a toda la Pre \u2013 B\u00e1sica, Ense\u00f1anza B\u00e1sica\u00a0 y Ense\u00f1anza Media. La Jornada Escolar Completa se inicia desde 3\u00b0 B\u00e1sico y hasta IV\u00b0 Medio.<\/p>\n<p>Los resultados obtenidos a la fecha nos permiten estar entre los mejores colegios subvencionados de la comuna y nos convierten en una real opci\u00f3n de calidad educativa.<\/p>\n<p><br class=\"spacer_\" \/><\/p>\n<p><strong>MISION:<\/strong><\/p>\n<blockquote>\n<p><strong>FORMAR ALUMNOS PROTAGONISTAS DE SU APRENDIZAJE, CON VALORES ACADEMICOS Y SOCIALES PLENAMENTE CONSOLIDADOS<\/strong><\/p>\n<\/blockquote>\n","protected":false},"excerpt":{"rendered":"<p>COLEGIO POETA RUBEN DARIO Un Colegio a su servicio\u2026 \u201c Margarita est\u00e1 linda la mar, y el viento lleva esencia sutil de azahar; yo siento en el alma una alondra cantar: tu acento. Margarita, te voy a contar un cuento.\u201d A Margarita Rub\u00e9n Dar\u00edo Con estas palabras la ni\u00f1a de la antigua casona se reencontraba &hellip;<\/p>\n","protected":false},"author":1,"featured_media":0,"parent":0,"menu_order":0,"comment_status":"closed","ping_status":"open","template":"","meta":{"footnotes":""},"class_list":["post-5","page","type-page","status-publish",""],"publishpress_future_action":{"enabled":false,"date":"2026-04-10 15:06:50","action":"change-status","newStatus":"draft","terms":[],"taxonomy":"","extraData":[]},"publishpress_future_workflow_manual_trigger":{"enabledWorkflows":[]},"_links":{"self":[{"href":"https:\/\/www.rubendario.cl\/sitio\/wp-json\/wp\/v2\/pages\/5","targetHints":{"allow":["GET"]}}],"collection":[{"href":"https:\/\/www.rubendario.cl\/sitio\/wp-json\/wp\/v2\/pages"}],"about":[{"href":"https:\/\/www.rubendario.cl\/sitio\/wp-json\/wp\/v2\/types\/page"}],"author":[{"embeddable":true,"href":"https:\/\/www.rubendario.cl\/sitio\/wp-json\/wp\/v2\/users\/1"}],"replies":[{"embeddable":true,"href":"https:\/\/www.rubendario.cl\/sitio\/wp-json\/wp\/v2\/comments?post=5"}],"version-history":[{"count":0,"href":"https:\/\/www.rubendario.cl\/sitio\/wp-json\/wp\/v2\/pages\/5\/revisions"}],"wp:attachment":[{"href":"https:\/\/www.rubendario.cl\/sitio\/wp-json\/wp\/v2\/media?parent=5"}],"curies":[{"name":"wp","href":"https:\/\/api.w.org\/{rel}","templated":true}]}}