{"id":5379,"date":"2014-10-29T22:46:04","date_gmt":"2014-10-30T01:46:04","guid":{"rendered":"http:\/\/www.rubendario.cl\/sitio\/?page_id=5379"},"modified":"2014-10-29T22:46:04","modified_gmt":"2014-10-30T01:46:04","slug":"diversidad","status":"publish","type":"page","link":"https:\/\/www.rubendario.cl\/sitio\/diversidad\/","title":{"rendered":"Diversidad"},"content":{"rendered":"<p><img loading=\"lazy\" decoding=\"async\" class=\" wp-image-5380 alignleft\" src=\"http:\/\/www.rubendario.cl\/sitio\/wp-content\/uploads\/2014\/10\/ninos-diversidad-457x460.jpg\" alt=\"\" width=\"366\" height=\"368\" srcset=\"https:\/\/www.rubendario.cl\/sitio\/wp-content\/uploads\/2014\/10\/ninos-diversidad-457x460.jpg 457w, https:\/\/www.rubendario.cl\/sitio\/wp-content\/uploads\/2014\/10\/ninos-diversidad-150x150.jpg 150w, https:\/\/www.rubendario.cl\/sitio\/wp-content\/uploads\/2014\/10\/ninos-diversidad-298x300.jpg 298w, https:\/\/www.rubendario.cl\/sitio\/wp-content\/uploads\/2014\/10\/ninos-diversidad-300x301.jpg 300w, https:\/\/www.rubendario.cl\/sitio\/wp-content\/uploads\/2014\/10\/ninos-diversidad.jpg 573w\" sizes=\"auto, (max-width: 366px) 100vw, 366px\" \/>La <strong>diversidad cultural<\/strong> refiere a la convivencia e interacci\u00f3n entre distintas culturas. La existencia de m\u00faltiples culturas est\u00e1 considerada como un activo importante de la humanidad ya que contribuye al conocimiento. Cada persona, por otra parte, tiene derecho a que su cultura sea respetada tanto por otras personas como por las autoridades.<\/p>\n<p>En muchas ocasiones, la supervivencia de una cultura se ve amenazada por el avance de otra con vocaci\u00f3n hegem\u00f3nica. En estos casos, el gobierno y las instituciones deben proteger a la cultura que tiene menos poder para garantizar su subsistencia y, de esta manera, asegurar la diversidad cultural.<\/p>\n<h2>La biodiversidad<\/h2>\n<p>La <strong>diversidad biol\u00f3gica o biodiversidad<\/strong> se\u00f1ala la inmensa variedad de seres vivos que habitan el planeta tras millones de a\u00f1os de evoluci\u00f3n. El equilibrio ambiental depende del mantenimiento y la protecci\u00f3n de la biodiversidad. Dentro de esta clasificaci\u00f3n se encuentran las especies pertenecientes tanto a los ecosistemas terrestres como acu\u00e1ticos.<\/p>\n<p>Para conseguir establecer y cuantificar la diversidad de las especies de una regi\u00f3n fue necesario conocer de forma taxon\u00f3mica a las mismas, para conseguir adem\u00e1s establecer la importancia que dicha especie ocupa dentro del ecosistema. La taxonom\u00eda es la ciencia que estudia los diferentes organismos vivos y las relaciones que se establecen entre ellos y su entorno. Consiste en uno de los pilares para la existencia de la biodiversidad porque permite acercarse a un ecosistema y comprender los diversos roles que tiene cada especie en el espacio natural.<\/p>\n<p>Adem\u00e1s, la diversidad se encuentra ligada a la gen\u00e9tica, tal es as\u00ed que existe un concepto que se conoce como diversidad gen\u00e9tica y que se dedica al estudio de los diversos fenotipos entre individuos que forman parte de una misma especie, y c\u00f3mo cada uno interact\u00faa con el medio ambiente.<\/p>\n<p>La diversidad ecol\u00f3gica es otra de las grandes ramas dentro de la biodiversdad. Se dedica al estudio de la variedad de especies existentes dentro de un mismo ecosistema. Podr\u00edamos decir que se trata del estudio sint\u00e9tico de la biodiversidad, que se detiene \u00fanicamente en los ejemplares que existen en un mismo h\u00e1bitat y se dedica a estudiar la forma en la que las acciones de estos pueden modificar el medio natural. La diversidad ecol\u00f3gica analiza la composici\u00f3n del paisaje, la variedad de especies que residen all\u00ed y las influencias que unas proyectan sobre las otras.<\/p>\n<p>Uno de los grandes nombres que surge al pensar en biodiversidad es el de <strong>Jacques Cousteau<\/strong>, un investigador franc\u00e9s apasionado por la vida y sobre todo, por nuestro accionar sobre el planeta, quien demostr\u00f3 una gran preocupaci\u00f3n por el futuro de la tierra.<\/p>\n<p>En sus extensos estudios acerca de la vida en la Tierra, Cousteau expres\u00f3 la relevancia que las peque\u00f1as acciones pod\u00edan tener sobre el futuro de lo que nos rodea; y, sobre todo, manifest\u00f3 su deseo de que nuestra especie se volviera m\u00e1s atenta a las necesidades del medio natural al que se enfrentaba cuando se acercaba a la naturaleza y fuera respetuoso con lo que all\u00ed se encontraba pues, la modificaci\u00f3n de la vida de una m\u00ednima especie pod\u00eda significar una ruptura natural que hab\u00eda llevado decenas de a\u00f1os o incluso siglos en conseguirse y condenaba a la muerte a qui\u00e9n sab\u00eda cu\u00e1ntas especies.<\/p>\n","protected":false},"excerpt":{"rendered":"<p>La diversidad cultural refiere a la convivencia e interacci\u00f3n entre distintas culturas. La existencia de m\u00faltiples culturas est\u00e1 considerada como un activo importante de la humanidad ya que contribuye al conocimiento. Cada persona, por otra parte, tiene derecho a que su cultura sea respetada tanto por otras personas como por las autoridades. En muchas ocasiones, &hellip;<\/p>\n","protected":false},"author":1,"featured_media":0,"parent":0,"menu_order":0,"comment_status":"closed","ping_status":"open","template":"","meta":{"footnotes":""},"class_list":["post-5379","page","type-page","status-publish",""],"publishpress_future_action":{"enabled":false,"date":"2026-04-12 11:14:44","action":"change-status","newStatus":"draft","terms":[],"taxonomy":"","extraData":[]},"publishpress_future_workflow_manual_trigger":{"enabledWorkflows":[]},"_links":{"self":[{"href":"https:\/\/www.rubendario.cl\/sitio\/wp-json\/wp\/v2\/pages\/5379","targetHints":{"allow":["GET"]}}],"collection":[{"href":"https:\/\/www.rubendario.cl\/sitio\/wp-json\/wp\/v2\/pages"}],"about":[{"href":"https:\/\/www.rubendario.cl\/sitio\/wp-json\/wp\/v2\/types\/page"}],"author":[{"embeddable":true,"href":"https:\/\/www.rubendario.cl\/sitio\/wp-json\/wp\/v2\/users\/1"}],"replies":[{"embeddable":true,"href":"https:\/\/www.rubendario.cl\/sitio\/wp-json\/wp\/v2\/comments?post=5379"}],"version-history":[{"count":0,"href":"https:\/\/www.rubendario.cl\/sitio\/wp-json\/wp\/v2\/pages\/5379\/revisions"}],"wp:attachment":[{"href":"https:\/\/www.rubendario.cl\/sitio\/wp-json\/wp\/v2\/media?parent=5379"}],"curies":[{"name":"wp","href":"https:\/\/api.w.org\/{rel}","templated":true}]}}