{"id":5414,"date":"2014-11-03T13:37:23","date_gmt":"2014-11-03T16:37:23","guid":{"rendered":"http:\/\/www.rubendario.cl\/sitio\/?page_id=5414"},"modified":"2014-11-03T13:37:23","modified_gmt":"2014-11-03T16:37:23","slug":"baila-fanta-2014","status":"publish","type":"page","link":"https:\/\/www.rubendario.cl\/sitio\/baila-fanta-2014\/","title":{"rendered":"Baila Fanta 2014"},"content":{"rendered":"<p>8 Alumnas de nuestro Colegio se encuentran participando en el concurso de baile coreogr\u00e1fico <strong>Baila Fanta 2014<\/strong>, el cual se realiza en el <strong>Teatro La C\u00fapula del Parque O`Higgins<\/strong>. Ellas ya se presentaron el d\u00eda <strong>25 de octubre<\/strong>, ocasi\u00f3n en la que obtuvieron muy buenos comentarios por lo que se encuentran muy motivadas para las siguientes presentaciones a realizarse los d\u00edas 8 y 15 de noviembre.<\/p>\n<p>Invitamos a padres y apoderados para que acompa\u00f1en a nuestras alumnas en este hermoso momento de m\u00fasica y baile: D\u00edas s\u00e1bados a las 15:00 horas.<\/p>\n<table style=\"width: 388px;\" border=\"0\" cellspacing=\"0\" cellpadding=\"0\" align=\"center\">\n<tbody>\n<tr>\n<td width=\"293\" height=\"17\">JAVIERA SAAVEDRA ALVAREZ<\/td>\n<td width=\"95\">1\u00ba Media A<\/td>\n<\/tr>\n<tr>\n<td height=\"17\">KARLA OLGUIN UMA\u00d1A<\/td>\n<td>1\u00ba Medio B<\/td>\n<\/tr>\n<tr>\n<td height=\"17\">VALENTINA GUZM\u00c1N MORALES<\/td>\n<td>1\u00ba Medio B<\/td>\n<\/tr>\n<tr>\n<td height=\"17\">PALOMA DIAZ MELLA<\/td>\n<td>1\u00ba Medio B<\/td>\n<\/tr>\n<tr>\n<td height=\"17\">FERNANDA GUZMAN PEREZ<\/td>\n<td>2\u00ba Medio A<\/td>\n<\/tr>\n<tr>\n<td height=\"17\">JAVIERA AREVALO MARDONES<\/td>\n<td>2\u00ba Medio A<\/td>\n<\/tr>\n<tr>\n<td height=\"17\">MACARENA FIGUEROA GONZALEZ<\/td>\n<td>2\u00ba Medio A<\/td>\n<\/tr>\n<tr>\n<td height=\"17\">SARAH SAAVEDRA OLIVA<\/td>\n<td>3\u00ba Medio A<\/td>\n<\/tr>\n<\/tbody>\n<\/table>\n<div id='gallery-1' class='gallery galleryid-5414 gallery-columns-3 gallery-size-thumbnail'><figure class='gallery-item'>\n\t\t\t<div class='gallery-icon landscape'>\n\t\t\t\t<a href='https:\/\/www.rubendario.cl\/sitio\/baila-fanta-2014\/001-3\/'><img loading=\"lazy\" decoding=\"async\" width=\"150\" height=\"150\" src=\"https:\/\/www.rubendario.cl\/sitio\/wp-content\/uploads\/2014\/11\/0011-150x150.jpg\" class=\"attachment-thumbnail size-thumbnail\" alt=\"\" \/><\/a>\n\t\t\t<\/div><\/figure><figure class='gallery-item'>\n\t\t\t<div class='gallery-icon landscape'>\n\t\t\t\t<a href='https:\/\/www.rubendario.cl\/sitio\/baila-fanta-2014\/002-3\/'><img loading=\"lazy\" decoding=\"async\" width=\"150\" height=\"150\" src=\"https:\/\/www.rubendario.cl\/sitio\/wp-content\/uploads\/2014\/11\/0021-150x150.jpg\" class=\"attachment-thumbnail size-thumbnail\" alt=\"\" \/><\/a>\n\t\t\t<\/div><\/figure><figure class='gallery-item'>\n\t\t\t<div class='gallery-icon landscape'>\n\t\t\t\t<a href='https:\/\/www.rubendario.cl\/sitio\/baila-fanta-2014\/003-3\/'><img loading=\"lazy\" decoding=\"async\" width=\"150\" height=\"150\" src=\"https:\/\/www.rubendario.cl\/sitio\/wp-content\/uploads\/2014\/11\/0031-150x150.jpg\" class=\"attachment-thumbnail size-thumbnail\" alt=\"\" \/><\/a>\n\t\t\t<\/div><\/figure><figure class='gallery-item'>\n\t\t\t<div class='gallery-icon landscape'>\n\t\t\t\t<a href='https:\/\/www.rubendario.cl\/sitio\/baila-fanta-2014\/004-3\/'><img loading=\"lazy\" decoding=\"async\" width=\"150\" height=\"150\" src=\"https:\/\/www.rubendario.cl\/sitio\/wp-content\/uploads\/2014\/11\/0041-150x150.jpg\" class=\"attachment-thumbnail size-thumbnail\" alt=\"\" \/><\/a>\n\t\t\t<\/div><\/figure><figure class='gallery-item'>\n\t\t\t<div class='gallery-icon landscape'>\n\t\t\t\t<a href='https:\/\/www.rubendario.cl\/sitio\/baila-fanta-2014\/005-3\/'><img loading=\"lazy\" decoding=\"async\" width=\"150\" height=\"150\" src=\"https:\/\/www.rubendario.cl\/sitio\/wp-content\/uploads\/2014\/11\/0051-150x150.jpg\" class=\"attachment-thumbnail size-thumbnail\" alt=\"\" \/><\/a>\n\t\t\t<\/div><\/figure>\n\t\t<\/div>\n\n","protected":false},"excerpt":{"rendered":"<p>8 Alumnas de nuestro Colegio se encuentran participando en el concurso de baile coreogr\u00e1fico Baila Fanta 2014, el cual se realiza en el Teatro La C\u00fapula del Parque O`Higgins. Ellas ya se presentaron el d\u00eda 25 de octubre, ocasi\u00f3n en la que obtuvieron muy buenos comentarios por lo que se encuentran muy motivadas para las &hellip;<\/p>\n","protected":false},"author":1,"featured_media":0,"parent":0,"menu_order":0,"comment_status":"closed","ping_status":"open","template":"","meta":{"footnotes":""},"class_list":["post-5414","page","type-page","status-publish",""],"publishpress_future_action":{"enabled":false,"date":"2026-05-09 09:49:22","action":"change-status","newStatus":"draft","terms":[],"taxonomy":"","extraData":[]},"publishpress_future_workflow_manual_trigger":{"enabledWorkflows":[]},"_links":{"self":[{"href":"https:\/\/www.rubendario.cl\/sitio\/wp-json\/wp\/v2\/pages\/5414","targetHints":{"allow":["GET"]}}],"collection":[{"href":"https:\/\/www.rubendario.cl\/sitio\/wp-json\/wp\/v2\/pages"}],"about":[{"href":"https:\/\/www.rubendario.cl\/sitio\/wp-json\/wp\/v2\/types\/page"}],"author":[{"embeddable":true,"href":"https:\/\/www.rubendario.cl\/sitio\/wp-json\/wp\/v2\/users\/1"}],"replies":[{"embeddable":true,"href":"https:\/\/www.rubendario.cl\/sitio\/wp-json\/wp\/v2\/comments?post=5414"}],"version-history":[{"count":0,"href":"https:\/\/www.rubendario.cl\/sitio\/wp-json\/wp\/v2\/pages\/5414\/revisions"}],"wp:attachment":[{"href":"https:\/\/www.rubendario.cl\/sitio\/wp-json\/wp\/v2\/media?parent=5414"}],"curies":[{"name":"wp","href":"https:\/\/api.w.org\/{rel}","templated":true}]}}