{"id":6107,"date":"2015-03-04T19:58:25","date_gmt":"2015-03-04T22:58:25","guid":{"rendered":"http:\/\/www.rubendario.cl\/sitio\/?page_id=6107"},"modified":"2015-08-31T21:54:49","modified_gmt":"2015-09-01T01:54:49","slug":"proceso-de-admision-2016","status":"publish","type":"page","link":"https:\/\/www.rubendario.cl\/sitio\/proceso-de-admision-2016\/","title":{"rendered":"Proceso de Admisi\u00f3n 2016"},"content":{"rendered":"<p><img loading=\"lazy\" decoding=\"async\" class=\"alignleft wp-image-6320 \" src=\"http:\/\/www.rubendario.cl\/sitio\/wp-content\/uploads\/2015\/05\/admision230.png\" alt=\"admision230\" width=\"166\" height=\"166\" srcset=\"https:\/\/www.rubendario.cl\/sitio\/wp-content\/uploads\/2015\/05\/admision230.png 230w, https:\/\/www.rubendario.cl\/sitio\/wp-content\/uploads\/2015\/05\/admision230-150x150.png 150w\" sizes=\"auto, (max-width: 166px) 100vw, 166px\" \/>Informamos a toda nuestra comunidad que el <span style=\"text-decoration: underline;\"><strong>Proceso de Admis\u00f3n 2016 ha finalizado<\/strong><\/span>. Agradecemos a todos los padres y apoderados que confiaron en nuestra instituci\u00f3n, al tiempo que felicitamos a los alumnos y familias que desde el pr\u00f3ximo a\u00f1o se unen a nuestra comunidad. A todos un cari\u00f1oso saludo.<\/p>\n<p>Para consultar por la lista de alumnos aceptados, por favor presionar al siguiente bot\u00f3n:<\/p>\n<p><a href=\"http:\/\/www.rubendario.cl\/sitio\/wp-content\/uploads\/2015\/08\/alummnos_aceptados_2016.pdf\"><img loading=\"lazy\" decoding=\"async\" class=\"aligncenter size-full wp-image-5814\" src=\"http:\/\/www.rubendario.cl\/sitio\/wp-content\/uploads\/2014\/11\/descargaraqui1.jpg\" alt=\"\" width=\"200\" height=\"85\" \/><\/a><\/p>\n<p>&nbsp;<\/p>\n<h2 style=\"text-align: center;\">FECHAS RELEVANTES<\/h2>\n<p style=\"text-align: center;\"><img loading=\"lazy\" decoding=\"async\" class=\"alignnone\" src=\"http:\/\/www.rubendario.cl\/sitio\/wp-content\/uploads\/2015\/03\/calendario.png\" alt=\"\" width=\"608\" height=\"808\" \/><\/p>\n","protected":false},"excerpt":{"rendered":"<p>Informamos a toda nuestra comunidad que el Proceso de Admis\u00f3n 2016 ha finalizado. Agradecemos a todos los padres y apoderados que confiaron en nuestra instituci\u00f3n, al tiempo que felicitamos a los alumnos y familias que desde el pr\u00f3ximo a\u00f1o se unen a nuestra comunidad. A todos un cari\u00f1oso saludo. Para consultar por la lista de &hellip;<\/p>\n","protected":false},"author":1,"featured_media":0,"parent":0,"menu_order":0,"comment_status":"closed","ping_status":"open","template":"","meta":{"footnotes":""},"class_list":["post-6107","page","type-page","status-publish",""],"publishpress_future_action":{"enabled":false,"date":"2026-04-24 01:03:27","action":"change-status","newStatus":"draft","terms":[],"taxonomy":"","extraData":[]},"publishpress_future_workflow_manual_trigger":{"enabledWorkflows":[]},"_links":{"self":[{"href":"https:\/\/www.rubendario.cl\/sitio\/wp-json\/wp\/v2\/pages\/6107","targetHints":{"allow":["GET"]}}],"collection":[{"href":"https:\/\/www.rubendario.cl\/sitio\/wp-json\/wp\/v2\/pages"}],"about":[{"href":"https:\/\/www.rubendario.cl\/sitio\/wp-json\/wp\/v2\/types\/page"}],"author":[{"embeddable":true,"href":"https:\/\/www.rubendario.cl\/sitio\/wp-json\/wp\/v2\/users\/1"}],"replies":[{"embeddable":true,"href":"https:\/\/www.rubendario.cl\/sitio\/wp-json\/wp\/v2\/comments?post=6107"}],"version-history":[{"count":0,"href":"https:\/\/www.rubendario.cl\/sitio\/wp-json\/wp\/v2\/pages\/6107\/revisions"}],"wp:attachment":[{"href":"https:\/\/www.rubendario.cl\/sitio\/wp-json\/wp\/v2\/media?parent=6107"}],"curies":[{"name":"wp","href":"https:\/\/api.w.org\/{rel}","templated":true}]}}