{"id":6823,"date":"2016-01-05T20:58:27","date_gmt":"2016-01-05T23:58:27","guid":{"rendered":"http:\/\/www.rubendario.cl\/sitio\/?page_id=6823"},"modified":"2016-01-05T20:58:27","modified_gmt":"2016-01-05T23:58:27","slug":"lista-de-utiles-escolares-2016","status":"publish","type":"page","link":"https:\/\/www.rubendario.cl\/sitio\/lista-de-utiles-escolares-2016\/","title":{"rendered":"Lista de \u00datiles Escolares 2016"},"content":{"rendered":"<div align=\"center\">\n<p>&nbsp;<\/p>\n<table border=\"0\" width=\"550\" cellspacing=\"0\" cellpadding=\"0\">\n<tbody>\n<tr>\n<td><span style=\"font-size: 10pt; color: #333399;\"><strong>Lista de \u00datiles 2016 &#8211; PreKinder<\/strong><\/span><\/td>\n<td width=\"10\"><\/td>\n<td width=\"200\"><a href=\"http:\/\/www.rubendario.cl\/sitio\/wp-content\/uploads\/2016\/01\/01-Utiles-Escolares-2016_Prekinder.pdf\"><img loading=\"lazy\" decoding=\"async\" class=\"alignnone\" src=\"http:\/\/www.rubendario.cl\/sitio\/wp-content\/uploads\/2014\/11\/descargaraqui1.jpg\" alt=\"\" width=\"200\" height=\"85\" border=\"0\" \/><\/a><\/td>\n<\/tr>\n<tr>\n<td><span style=\"font-size: 10pt; color: #1b4bab;\"><strong>Lista de \u00datiles 2016 &#8211; Kinder<\/strong><\/span><\/td>\n<td width=\"10\"><\/td>\n<td width=\"200\"><a href=\"http:\/\/www.rubendario.cl\/sitio\/wp-content\/uploads\/2016\/01\/02-Utiles-Escolares-2016_Kinder.pdf\"><img loading=\"lazy\" decoding=\"async\" class=\"alignnone\" src=\"http:\/\/www.rubendario.cl\/sitio\/wp-content\/uploads\/2014\/11\/descargaraqui1.jpg\" alt=\"\" width=\"200\" height=\"85\" border=\"0\" \/><\/a><\/td>\n<\/tr>\n<tr>\n<td><span style=\"font-size: 10pt; color: #1b4bab;\"><strong>Lista de \u00datiles 2016 &#8211; Primero B\u00e1sico<\/strong><\/span><\/td>\n<td width=\"10\"><\/td>\n<td width=\"200\"><a href=\"http:\/\/www.rubendario.cl\/sitio\/wp-content\/uploads\/2016\/01\/03-Utiles-Escolares-2016_Primero-B\u00e1sico.pdf\"><img loading=\"lazy\" decoding=\"async\" class=\"alignnone\" src=\"http:\/\/www.rubendario.cl\/sitio\/wp-content\/uploads\/2014\/11\/descargaraqui1.jpg\" alt=\"\" width=\"200\" height=\"85\" border=\"0\" \/><\/a><\/td>\n<\/tr>\n<tr>\n<td><span style=\"font-size: 10pt; color: #1b4bab;\"><strong>Lista de \u00datiles 2016 &#8211; Segundo B\u00e1sico<\/strong><\/span><\/td>\n<td width=\"10\"><\/td>\n<td width=\"200\"><a href=\"http:\/\/www.rubendario.cl\/sitio\/wp-content\/uploads\/2016\/01\/04-Utiles-Escolares-2016_Segundo-B\u00e1sico.pdf\"><img loading=\"lazy\" decoding=\"async\" class=\"alignnone\" src=\"http:\/\/www.rubendario.cl\/sitio\/wp-content\/uploads\/2014\/11\/descargaraqui1.jpg\" alt=\"\" width=\"200\" height=\"85\" border=\"0\" \/><\/a><\/td>\n<\/tr>\n<tr>\n<td><span style=\"font-size: 10pt; color: #1b4bab;\"><strong>Lista de \u00datiles 2016 &#8211; Tercero B\u00e1sico<\/strong><\/span><\/td>\n<td width=\"10\"><\/td>\n<td width=\"200\"><a href=\"http:\/\/www.rubendario.cl\/sitio\/wp-content\/uploads\/2016\/01\/05-Utiles-Escolares-2016_Tercero-B\u00e1sico.pdf\"><img loading=\"lazy\" decoding=\"async\" class=\"alignnone\" src=\"http:\/\/www.rubendario.cl\/sitio\/wp-content\/uploads\/2014\/11\/descargaraqui1.jpg\" alt=\"\" width=\"200\" height=\"85\" border=\"0\" \/><\/a><\/td>\n<\/tr>\n<tr>\n<td><span style=\"font-size: 10pt; color: #1b4bab;\"><strong>Lista de \u00datiles 2016 &#8211; Cuarto B\u00e1sico<\/strong><\/span><\/td>\n<td width=\"10\"><\/td>\n<td width=\"200\"><a href=\"http:\/\/www.rubendario.cl\/sitio\/wp-content\/uploads\/2016\/01\/06-Utiles-Escolares-2016_Cuarto-B\u00e1sico.pdf\"><img loading=\"lazy\" decoding=\"async\" class=\"alignnone\" src=\"http:\/\/www.rubendario.cl\/sitio\/wp-content\/uploads\/2014\/11\/descargaraqui1.jpg\" alt=\"\" width=\"200\" height=\"85\" border=\"0\" \/><\/a><\/td>\n<\/tr>\n<tr>\n<td><span style=\"font-size: 10pt; color: #1b4bab;\"><strong>Lista de \u00datiles 2016 &#8211; Quinto B\u00e1sico<\/strong><\/span><\/td>\n<td width=\"10\"><\/td>\n<td width=\"200\"><a href=\"http:\/\/www.rubendario.cl\/sitio\/wp-content\/uploads\/2016\/01\/07-Utiles-Escolares-2016_Quinto-B\u00e1sico.pdf\"><img loading=\"lazy\" decoding=\"async\" class=\"alignnone\" src=\"http:\/\/www.rubendario.cl\/sitio\/wp-content\/uploads\/2014\/11\/descargaraqui1.jpg\" alt=\"\" width=\"200\" height=\"85\" border=\"0\" \/><\/a><\/td>\n<\/tr>\n<tr>\n<td><span style=\"font-size: 10pt; color: #1b4bab;\"><strong>Lista de \u00datiles 2016 &#8211; Sexto B\u00e1sico<\/strong><\/span><\/td>\n<td width=\"10\"><\/td>\n<td width=\"200\"><a href=\"http:\/\/www.rubendario.cl\/sitio\/wp-content\/uploads\/2016\/01\/08-Utiles-Escolares-2016_Sexto-B\u00e1sico.pdf\"><img loading=\"lazy\" decoding=\"async\" class=\"alignnone\" src=\"http:\/\/www.rubendario.cl\/sitio\/wp-content\/uploads\/2014\/11\/descargaraqui1.jpg\" alt=\"\" width=\"200\" height=\"85\" border=\"0\" \/><\/a><\/td>\n<\/tr>\n<tr>\n<td><span style=\"font-size: 10pt; color: #1b4bab;\"><strong>Lista de \u00datiles 2016 &#8211; S\u00e9ptimo B\u00e1sico<\/strong><\/span><\/td>\n<td width=\"10\"><\/td>\n<td width=\"200\"><a href=\"http:\/\/www.rubendario.cl\/sitio\/wp-content\/uploads\/2016\/01\/09-Utiles-Escolares-2016_S\u00e9ptimo-B\u00e1sico.pdf\"><img loading=\"lazy\" decoding=\"async\" class=\"alignnone\" src=\"http:\/\/www.rubendario.cl\/sitio\/wp-content\/uploads\/2014\/11\/descargaraqui1.jpg\" alt=\"\" width=\"200\" height=\"85\" border=\"0\" \/><\/a><\/td>\n<\/tr>\n<tr>\n<td><span style=\"font-size: 10pt; color: #1b4bab;\"><strong>Lista de \u00datiles 2016 &#8211; Octavo B\u00e1sico<\/strong><br \/>\n<\/span><\/td>\n<td width=\"10\"><\/td>\n<td width=\"200\"><a href=\"http:\/\/www.rubendario.cl\/sitio\/wp-content\/uploads\/2016\/01\/10-Utiles-Escolares-2016_Octavo-B\u00e1sico.pdf\"><img loading=\"lazy\" decoding=\"async\" class=\"alignnone\" src=\"http:\/\/www.rubendario.cl\/sitio\/wp-content\/uploads\/2014\/11\/descargaraqui1.jpg\" alt=\"\" width=\"200\" height=\"85\" border=\"0\" \/><\/a><\/td>\n<\/tr>\n<tr>\n<td><span style=\"font-size: 10pt; color: #1b4bab;\"><strong>Lista de \u00datiles 2016 &#8211; Primero Medio<\/strong><\/span><\/td>\n<td width=\"10\"><\/td>\n<td width=\"200\"><a href=\"http:\/\/www.rubendario.cl\/sitio\/wp-content\/uploads\/2016\/01\/11-Utiles-Escolares-2016_Primero-Medio.pdf\"><img loading=\"lazy\" decoding=\"async\" class=\"alignnone\" src=\"http:\/\/www.rubendario.cl\/sitio\/wp-content\/uploads\/2014\/11\/descargaraqui1.jpg\" alt=\"\" width=\"200\" height=\"85\" border=\"0\" \/><\/a><\/td>\n<\/tr>\n<tr>\n<td><span style=\"font-size: 10pt; color: #1b4bab;\"><strong>Lista de \u00datiles 2016 &#8211; Segundo Medio<\/strong><\/span><\/td>\n<td width=\"10\"><\/td>\n<td width=\"200\"><a href=\"http:\/\/www.rubendario.cl\/sitio\/wp-content\/uploads\/2016\/01\/12-Utiles-Escolares-2016_Segundo-Medio.pdf\"><img loading=\"lazy\" decoding=\"async\" class=\"alignnone\" src=\"http:\/\/www.rubendario.cl\/sitio\/wp-content\/uploads\/2014\/11\/descargaraqui1.jpg\" alt=\"\" width=\"200\" height=\"85\" border=\"0\" \/><\/a><\/td>\n<\/tr>\n<tr>\n<td><span style=\"font-size: 10pt; color: #1b4bab;\"><strong>Lista de \u00datiles 2016 &#8211; Tercero Medio<\/strong><\/span><\/td>\n<td width=\"10\"><\/td>\n<td width=\"200\"><a href=\"http:\/\/www.rubendario.cl\/sitio\/wp-content\/uploads\/2016\/01\/13-Utiles-Escolares-2016_Tercero-Medio.pdf\"><img loading=\"lazy\" decoding=\"async\" class=\"alignnone\" src=\"http:\/\/www.rubendario.cl\/sitio\/wp-content\/uploads\/2014\/11\/descargaraqui1.jpg\" alt=\"\" width=\"200\" height=\"85\" border=\"0\" \/><\/a><\/td>\n<\/tr>\n<tr>\n<td><span style=\"font-size: 10pt; color: #1b4bab;\"><strong>Lista de \u00datiles 2016 &#8211; Cuarto Medio<\/strong><\/span><\/td>\n<td width=\"10\"><\/td>\n<td width=\"200\"><a href=\"http:\/\/www.rubendario.cl\/sitio\/wp-content\/uploads\/2016\/01\/14-Utiles-Escolares-2016_Cuarto-Medio.pdf\"><img loading=\"lazy\" decoding=\"async\" class=\"alignnone\" src=\"http:\/\/www.rubendario.cl\/sitio\/wp-content\/uploads\/2014\/11\/descargaraqui1.jpg\" alt=\"\" width=\"200\" height=\"85\" border=\"0\" \/><\/a><\/td>\n<\/tr>\n<\/tbody>\n<\/table>\n<\/div>\n","protected":false},"excerpt":{"rendered":"<p>&nbsp; Lista de \u00datiles 2016 &#8211; PreKinder Lista de \u00datiles 2016 &#8211; Kinder Lista de \u00datiles 2016 &#8211; Primero B\u00e1sico Lista de \u00datiles 2016 &#8211; Segundo B\u00e1sico Lista de \u00datiles 2016 &#8211; Tercero B\u00e1sico Lista de \u00datiles 2016 &#8211; Cuarto B\u00e1sico Lista de \u00datiles 2016 &#8211; Quinto B\u00e1sico Lista de \u00datiles 2016 &#8211; Sexto B\u00e1sico &hellip;<\/p>\n","protected":false},"author":1,"featured_media":0,"parent":0,"menu_order":0,"comment_status":"closed","ping_status":"open","template":"","meta":{"footnotes":""},"class_list":["post-6823","page","type-page","status-publish",""],"publishpress_future_action":{"enabled":false,"date":"2026-05-09 12:08:44","action":"change-status","newStatus":"draft","terms":[],"taxonomy":"","extraData":[]},"publishpress_future_workflow_manual_trigger":{"enabledWorkflows":[]},"_links":{"self":[{"href":"https:\/\/www.rubendario.cl\/sitio\/wp-json\/wp\/v2\/pages\/6823","targetHints":{"allow":["GET"]}}],"collection":[{"href":"https:\/\/www.rubendario.cl\/sitio\/wp-json\/wp\/v2\/pages"}],"about":[{"href":"https:\/\/www.rubendario.cl\/sitio\/wp-json\/wp\/v2\/types\/page"}],"author":[{"embeddable":true,"href":"https:\/\/www.rubendario.cl\/sitio\/wp-json\/wp\/v2\/users\/1"}],"replies":[{"embeddable":true,"href":"https:\/\/www.rubendario.cl\/sitio\/wp-json\/wp\/v2\/comments?post=6823"}],"version-history":[{"count":0,"href":"https:\/\/www.rubendario.cl\/sitio\/wp-json\/wp\/v2\/pages\/6823\/revisions"}],"wp:attachment":[{"href":"https:\/\/www.rubendario.cl\/sitio\/wp-json\/wp\/v2\/media?parent=6823"}],"curies":[{"name":"wp","href":"https:\/\/api.w.org\/{rel}","templated":true}]}}