{"id":83,"date":"2010-09-30T09:59:12","date_gmt":"2010-09-30T13:59:12","guid":{"rendered":"http:\/\/rubendario.cl\/sitio\/"},"modified":"2010-09-30T10:00:20","modified_gmt":"2010-09-30T14:00:20","slug":"palabras-del-director","status":"publish","type":"page","link":"https:\/\/www.rubendario.cl\/sitio\/palabras-del-director\/","title":{"rendered":"Palabras del Director"},"content":{"rendered":"<p><img loading=\"lazy\" decoding=\"async\" class=\"alignleft size-full wp-image-84\" title=\"director\" src=\"http:\/\/www.rubendario.cl\/sitio\/wp-content\/uploads\/2010\/09\/director.jpg\" alt=\"\" width=\"148\" height=\"166\" \/>El \u00e9xito es una condici\u00f3n deseable para todos los que buscan algo en la vida, para todos aquellos que se han trazado una meta. He aqu\u00ed entonces una invitaci\u00f3n para trazar un proyecto de vida que puede brindar las mayores y mejores satisfacciones.\u00a0<\/p>\n<p> En tal af\u00e1n, nuestro establecimiento brinda todas las oportunidades para lograr el \u00e9xito acad\u00e9mico: la  Excelencia Acad\u00e9mica otorgada por el Ministerio, los resultados obtenidos en las mediciones Simce, los proyectos pedag\u00f3gicos propios que se ejecutan peri\u00f3dicamente, el nivel profesional de nuestros docentes y el deseo permanente de ser mejores, son entonces, nuestras principales fortalezas.<\/p>\n<p>Deseamos que nuestras expectativas como docentes sean las mismas de nuestros alumnos y apoderados, para ello, debemos trabajar fuerte en la construcci\u00f3n de la condici\u00f3n clave del logro acad\u00e9mico: generar el m\u00e1s adecuado \u201cescenario educativo\u201d para los alumnos. Por nuestra parte, y como parte esencial de la cultura organizacional de nuestra instituci\u00f3n, establecemos los siguientes pilares de acci\u00f3n pedag\u00f3gica para el desarrollo personal de los estudiantes:<\/p>\n<p><strong> <\/strong><\/p>\n<p><strong> <\/strong><\/p>\n<p><strong><\/p>\n<ul>\n<li><span style=\"font-weight: normal;\"><strong>El respeto.<\/strong><\/span><\/li>\n<li><span style=\"font-weight: normal;\"><strong><strong>El esfuerzo y la superaci\u00f3n.<\/strong><\/strong><\/span><\/li>\n<li><span style=\"font-weight: normal;\"><strong><strong>La rigurosidad y disciplina.<\/strong><\/strong><\/span><\/li>\n<li><span style=\"font-weight: normal;\"><strong><strong>La exigencia acad\u00e9mica.<\/strong><\/strong><\/span><\/li>\n<\/ul>\n<p><\/strong> <br \/>\n El primer aspecto declarado, es vital para construir una sociedad mas justa, razonable, participativa y democr\u00e1tica, en consecuencia, el respeto ser\u00e1 el valor que ciment\u00e9 todo nuestro accionar como comunidad educativa. Este primer \u201cescenario educativo\u201d ser\u00e1 entonces muy propicio para formar mejores personas y nuevos actores sociales.<\/p>\n<p> Ahora bien, respecto a los restantes pilares de acci\u00f3n, su consecuci\u00f3n est\u00e1 determinada por el trabajo diario de nuestra parte, por la voluntad de los alumnos y por la supervisi\u00f3n de los apoderados. La educaci\u00f3n es un esfuerzo compartido que requiere la presencia de todos los involucrados.<\/p>\n<p> Con el sincero deseo de que este a\u00f1o escolar sea pleno para toda nuestra comunidad, se despide atentamente,<\/p>\n<p><br class=\"spacer_\" \/><\/p>\n<p><br class=\"spacer_\" \/><\/p>\n<p><br class=\"spacer_\" \/><\/p>\n<p><strong>Celso Enrique Espinoza Ram\u00edrez<\/strong><br \/>\n Director<\/p>\n","protected":false},"excerpt":{"rendered":"<p>El \u00e9xito es una condici\u00f3n deseable para todos los que buscan algo en la vida, para todos aquellos que se han trazado una meta. He aqu\u00ed entonces una invitaci\u00f3n para trazar un proyecto de vida que puede brindar las mayores y mejores satisfacciones.\u00a0 En tal af\u00e1n, nuestro establecimiento brinda todas las oportunidades para lograr el &hellip;<\/p>\n","protected":false},"author":1,"featured_media":0,"parent":0,"menu_order":0,"comment_status":"closed","ping_status":"closed","template":"","meta":{"footnotes":""},"class_list":["post-83","page","type-page","status-publish",""],"publishpress_future_action":{"enabled":false,"date":"2026-05-09 11:03:16","action":"change-status","newStatus":"draft","terms":[],"taxonomy":"","extraData":[]},"publishpress_future_workflow_manual_trigger":{"enabledWorkflows":[]},"_links":{"self":[{"href":"https:\/\/www.rubendario.cl\/sitio\/wp-json\/wp\/v2\/pages\/83","targetHints":{"allow":["GET"]}}],"collection":[{"href":"https:\/\/www.rubendario.cl\/sitio\/wp-json\/wp\/v2\/pages"}],"about":[{"href":"https:\/\/www.rubendario.cl\/sitio\/wp-json\/wp\/v2\/types\/page"}],"author":[{"embeddable":true,"href":"https:\/\/www.rubendario.cl\/sitio\/wp-json\/wp\/v2\/users\/1"}],"replies":[{"embeddable":true,"href":"https:\/\/www.rubendario.cl\/sitio\/wp-json\/wp\/v2\/comments?post=83"}],"version-history":[{"count":0,"href":"https:\/\/www.rubendario.cl\/sitio\/wp-json\/wp\/v2\/pages\/83\/revisions"}],"wp:attachment":[{"href":"https:\/\/www.rubendario.cl\/sitio\/wp-json\/wp\/v2\/media?parent=83"}],"curies":[{"name":"wp","href":"https:\/\/api.w.org\/{rel}","templated":true}]}}